{"id":36477,"date":"2025-11-25T23:32:26","date_gmt":"2025-11-25T22:32:26","guid":{"rendered":"https:\/\/www.hirtenberg-apotheke.at\/katalog\/produkt\/heliocare-gesichtsgel-50-uva-30-50-ml\/"},"modified":"2025-11-25T23:32:55","modified_gmt":"2025-11-25T22:32:55","slug":"heliocare-gesichtsgel-50-uva-30-50-ml","status":"publish","type":"product","link":"https:\/\/www.hirtenberg-apotheke.at\/katalog\/produkt\/heliocare-gesichtsgel-50-uva-30-50-ml\/","title":{"rendered":"Heliocare Gesichtsgel 50\/UVA 30 50 ml"},"content":{"rendered":"<p>Heliocare Silk Gel SPF30 ist ein t\u00e4glicher Sonnenschutzf\u00fcr Gesicht und Dekollet\u00e9.<\/p>\n","protected":false},"excerpt":{"rendered":"<p>Heliocare Silk Gel SPF30 ist ein t\u00e4glicher Sonnenschutzf\u00fcr Gesicht und Dekollet\u00e9.<\/p>\n","protected":false},"featured_media":0,"template":"","meta":{"_acf_changed":false},"product_brand":[1016],"product_cat":[330],"product_tag":[],"class_list":{"0":"post-36477","1":"product","2":"type-product","3":"status-publish","5":"product_brand-heliocare","6":"product_cat-h","7":"pa_packungsgroesse-50ml","9":"first","10":"instock","11":"shipping-taxable","12":"purchasable","13":"product-type-simple"},"acf":[],"_links":{"self":[{"href":"https:\/\/www.hirtenberg-apotheke.at\/katalog\/wp-json\/wp\/v2\/product\/36477","targetHints":{"allow":["GET"]}}],"collection":[{"href":"https:\/\/www.hirtenberg-apotheke.at\/katalog\/wp-json\/wp\/v2\/product"}],"about":[{"href":"https:\/\/www.hirtenberg-apotheke.at\/katalog\/wp-json\/wp\/v2\/types\/product"}],"wp:attachment":[{"href":"https:\/\/www.hirtenberg-apotheke.at\/katalog\/wp-json\/wp\/v2\/media?parent=36477"}],"wp:term":[{"taxonomy":"product_brand","embeddable":true,"href":"https:\/\/www.hirtenberg-apotheke.at\/katalog\/wp-json\/wp\/v2\/product_brand?post=36477"},{"taxonomy":"product_cat","embeddable":true,"href":"https:\/\/www.hirtenberg-apotheke.at\/katalog\/wp-json\/wp\/v2\/product_cat?post=36477"},{"taxonomy":"product_tag","embeddable":true,"href":"https:\/\/www.hirtenberg-apotheke.at\/katalog\/wp-json\/wp\/v2\/product_tag?post=36477"}],"curies":[{"name":"wp","href":"https:\/\/api.w.org\/{rel}","templated":true}]}}