{"id":36479,"date":"2025-11-25T23:32:26","date_gmt":"2025-11-25T22:32:26","guid":{"rendered":"https:\/\/www.hirtenberg-apotheke.at\/katalog\/produkt\/ladival-fuer-kinder-sonnenschutz-milch-200-ml-lsf-50\/"},"modified":"2025-11-25T23:32:57","modified_gmt":"2025-11-25T22:32:57","slug":"ladival-fuer-kinder-sonnenschutz-milch-200-ml-lsf-50","status":"publish","type":"product","link":"https:\/\/www.hirtenberg-apotheke.at\/katalog\/produkt\/ladival-fuer-kinder-sonnenschutz-milch-200-ml-lsf-50\/","title":{"rendered":"Ladival f\u00fcr Kinder Sonnenschutz Milch 200 ml LSF 50+"},"content":{"rendered":"<p>Ladival\u00ae Sonnenschutzmilch f\u00fcr Kinder LSF 50+ sch\u00fctzt zuverl\u00e4ssig vor Sonnenbrand und Sp\u00e4tsch\u00e4den der Haut. Die zarte Kinderhaut wird nicht belastet und ist immer optimal gesch\u00fctzt.<\/p>\n","protected":false},"excerpt":{"rendered":"<p>Ladival\u00ae Sonnenschutzmilch f\u00fcr Kinder LSF 50+ sch\u00fctzt zuverl\u00e4ssig vor Sonnenbrand und Sp\u00e4tsch\u00e4den der Haut. Die zarte Kinderhaut wird nicht belastet und ist immer optimal gesch\u00fctzt.<\/p>\n","protected":false},"featured_media":36481,"template":"","meta":{"_acf_changed":false},"product_brand":[1017],"product_cat":[317],"product_tag":[],"class_list":{"0":"post-36479","1":"product","2":"type-product","3":"status-publish","4":"has-post-thumbnail","6":"product_brand-ladival","7":"product_cat-l","8":"pa_packungsgroesse-200ml","10":"first","11":"instock","12":"shipping-taxable","13":"purchasable","14":"product-type-simple"},"acf":[],"_links":{"self":[{"href":"https:\/\/www.hirtenberg-apotheke.at\/katalog\/wp-json\/wp\/v2\/product\/36479","targetHints":{"allow":["GET"]}}],"collection":[{"href":"https:\/\/www.hirtenberg-apotheke.at\/katalog\/wp-json\/wp\/v2\/product"}],"about":[{"href":"https:\/\/www.hirtenberg-apotheke.at\/katalog\/wp-json\/wp\/v2\/types\/product"}],"wp:featuredmedia":[{"embeddable":true,"href":"https:\/\/www.hirtenberg-apotheke.at\/katalog\/wp-json\/wp\/v2\/media\/36481"}],"wp:attachment":[{"href":"https:\/\/www.hirtenberg-apotheke.at\/katalog\/wp-json\/wp\/v2\/media?parent=36479"}],"wp:term":[{"taxonomy":"product_brand","embeddable":true,"href":"https:\/\/www.hirtenberg-apotheke.at\/katalog\/wp-json\/wp\/v2\/product_brand?post=36479"},{"taxonomy":"product_cat","embeddable":true,"href":"https:\/\/www.hirtenberg-apotheke.at\/katalog\/wp-json\/wp\/v2\/product_cat?post=36479"},{"taxonomy":"product_tag","embeddable":true,"href":"https:\/\/www.hirtenberg-apotheke.at\/katalog\/wp-json\/wp\/v2\/product_tag?post=36479"}],"curies":[{"name":"wp","href":"https:\/\/api.w.org\/{rel}","templated":true}]}}