{"id":36533,"date":"2025-11-25T23:33:26","date_gmt":"2025-11-25T22:33:26","guid":{"rendered":"https:\/\/www.hirtenberg-apotheke.at\/katalog\/produkt\/eucerin-sonne-transparenter-sonnenspray-lsf-50\/"},"modified":"2025-11-25T23:33:41","modified_gmt":"2025-11-25T22:33:41","slug":"eucerin-sonne-transparenter-sonnenspray-lsf-50","status":"publish","type":"product","link":"https:\/\/www.hirtenberg-apotheke.at\/katalog\/produkt\/eucerin-sonne-transparenter-sonnenspray-lsf-50\/","title":{"rendered":"Eucerin SONNE transparenter Sonnenspray LSF 50"},"content":{"rendered":"<p>Eucerin Sensitive Protect Sun Spray Transparent ist ein hervorragendes Sonnenschutzspray f\u00fcr den K\u00f6rper. Es ist geeignet f\u00fcr empfindliche und zu Akne neigende Haut, beruhigt die Haut und sch\u00fctzt sie vor sonnenbedingten Hautsch\u00e4den. Eucerins Advanced Spektral Technology bietet sehr hohen Schutz bei UVA\/UVB-Strahlung und einen Schutzeffekt bei HEV-Licht.<\/p>\n","protected":false},"excerpt":{"rendered":"<p>Eucerin Sensitive Protect Sun Spray Transparent ist ein hervorragendes Sonnenschutzspray f\u00fcr den K\u00f6rper. Es ist geeignet f\u00fcr empfindliche und zu Akne neigende Haut, beruhigt die Haut und sch\u00fctzt sie vor sonnenbedingten Hautsch\u00e4den. Eucerins Advanced Spektral Technology bietet sehr hohen Schutz bei UVA\/UVB-Strahlung und einen Schutzeffekt bei HEV-Licht.<\/p>\n","protected":false},"featured_media":36535,"template":"","meta":{"_acf_changed":false},"product_brand":[694],"product_cat":[307],"product_tag":[],"class_list":{"0":"post-36533","1":"product","2":"type-product","3":"status-publish","4":"has-post-thumbnail","6":"product_brand-eucerin","7":"product_cat-e","8":"pa_packungsgroesse-200ml","10":"first","11":"instock","12":"shipping-taxable","13":"purchasable","14":"product-type-simple"},"acf":[],"_links":{"self":[{"href":"https:\/\/www.hirtenberg-apotheke.at\/katalog\/wp-json\/wp\/v2\/product\/36533","targetHints":{"allow":["GET"]}}],"collection":[{"href":"https:\/\/www.hirtenberg-apotheke.at\/katalog\/wp-json\/wp\/v2\/product"}],"about":[{"href":"https:\/\/www.hirtenberg-apotheke.at\/katalog\/wp-json\/wp\/v2\/types\/product"}],"wp:featuredmedia":[{"embeddable":true,"href":"https:\/\/www.hirtenberg-apotheke.at\/katalog\/wp-json\/wp\/v2\/media\/36535"}],"wp:attachment":[{"href":"https:\/\/www.hirtenberg-apotheke.at\/katalog\/wp-json\/wp\/v2\/media?parent=36533"}],"wp:term":[{"taxonomy":"product_brand","embeddable":true,"href":"https:\/\/www.hirtenberg-apotheke.at\/katalog\/wp-json\/wp\/v2\/product_brand?post=36533"},{"taxonomy":"product_cat","embeddable":true,"href":"https:\/\/www.hirtenberg-apotheke.at\/katalog\/wp-json\/wp\/v2\/product_cat?post=36533"},{"taxonomy":"product_tag","embeddable":true,"href":"https:\/\/www.hirtenberg-apotheke.at\/katalog\/wp-json\/wp\/v2\/product_tag?post=36533"}],"curies":[{"name":"wp","href":"https:\/\/api.w.org\/{rel}","templated":true}]}}