{"id":36537,"date":"2025-11-25T23:33:26","date_gmt":"2025-11-25T22:33:26","guid":{"rendered":"https:\/\/www.hirtenberg-apotheke.at\/katalog\/produkt\/ladival-apres-pflege-akut-beruhigungs-fluid-200-ml\/"},"modified":"2025-11-25T23:33:43","modified_gmt":"2025-11-25T22:33:43","slug":"ladival-apres-pflege-akut-beruhigungs-fluid-200-ml","status":"publish","type":"product","link":"https:\/\/www.hirtenberg-apotheke.at\/katalog\/produkt\/ladival-apres-pflege-akut-beruhigungs-fluid-200-ml\/","title":{"rendered":"Ladival Apr\u00e9s Pflege Akut Beruhigungs-Fluid 200 ml"},"content":{"rendered":"<p>Ladival\u00ae Akut Beruhigungs-Fluid Pflege Gel regeneriert die sonnengestresste Haut und l\u00e4sst sonnenbedingte R\u00f6tungen und Spannungsgef\u00fchle abklingen.<\/p>\n","protected":false},"excerpt":{"rendered":"<p>Ladival\u00ae Akut Beruhigungs-Fluid Pflege Gel regeneriert die sonnengestresste Haut und l\u00e4sst sonnenbedingte R\u00f6tungen und Spannungsgef\u00fchle abklingen.<\/p>\n","protected":false},"featured_media":36539,"template":"","meta":{"_acf_changed":false},"product_brand":[1017],"product_cat":[317],"product_tag":[],"class_list":{"0":"post-36537","1":"product","2":"type-product","3":"status-publish","4":"has-post-thumbnail","6":"product_brand-ladival","7":"product_cat-l","8":"pa_packungsgroesse-200ml","10":"first","11":"instock","12":"shipping-taxable","13":"purchasable","14":"product-type-simple"},"acf":[],"_links":{"self":[{"href":"https:\/\/www.hirtenberg-apotheke.at\/katalog\/wp-json\/wp\/v2\/product\/36537","targetHints":{"allow":["GET"]}}],"collection":[{"href":"https:\/\/www.hirtenberg-apotheke.at\/katalog\/wp-json\/wp\/v2\/product"}],"about":[{"href":"https:\/\/www.hirtenberg-apotheke.at\/katalog\/wp-json\/wp\/v2\/types\/product"}],"wp:featuredmedia":[{"embeddable":true,"href":"https:\/\/www.hirtenberg-apotheke.at\/katalog\/wp-json\/wp\/v2\/media\/36539"}],"wp:attachment":[{"href":"https:\/\/www.hirtenberg-apotheke.at\/katalog\/wp-json\/wp\/v2\/media?parent=36537"}],"wp:term":[{"taxonomy":"product_brand","embeddable":true,"href":"https:\/\/www.hirtenberg-apotheke.at\/katalog\/wp-json\/wp\/v2\/product_brand?post=36537"},{"taxonomy":"product_cat","embeddable":true,"href":"https:\/\/www.hirtenberg-apotheke.at\/katalog\/wp-json\/wp\/v2\/product_cat?post=36537"},{"taxonomy":"product_tag","embeddable":true,"href":"https:\/\/www.hirtenberg-apotheke.at\/katalog\/wp-json\/wp\/v2\/product_tag?post=36537"}],"curies":[{"name":"wp","href":"https:\/\/api.w.org\/{rel}","templated":true}]}}