{"id":36541,"date":"2025-11-25T23:33:26","date_gmt":"2025-11-25T22:33:26","guid":{"rendered":"https:\/\/www.hirtenberg-apotheke.at\/katalog\/produkt\/eucerin-sonnen-allergie-schutz-sonnencreme-gel-lsf-25\/"},"modified":"2025-11-25T23:33:49","modified_gmt":"2025-11-25T22:33:49","slug":"eucerin-sonnen-allergie-schutz-sonnencreme-gel-lsf-25","status":"publish","type":"product","link":"https:\/\/www.hirtenberg-apotheke.at\/katalog\/produkt\/eucerin-sonnen-allergie-schutz-sonnencreme-gel-lsf-25\/","title":{"rendered":"Eucerin SONNEN ALLERGIE Schutz Sonnencreme-Gel LSF 25"},"content":{"rendered":"<p>Eucerin Sonnen Allergie Schutz Sun Creme-Gel bietet Schutz f\u00fcr sonnenallergiegef\u00e4hrdete Haut. Sch\u00fctzt nachweisbar vor Sonnenallergien wie polymorphe Lichtdermatose und Mallorca-Akne.<\/p>\n","protected":false},"excerpt":{"rendered":"<p>Eucerin Sonnen Allergie Schutz Sun Creme-Gel bietet Schutz f\u00fcr sonnenallergiegef\u00e4hrdete Haut. Sch\u00fctzt nachweisbar vor Sonnenallergien wie polymorphe Lichtdermatose und Mallorca-Akne.<\/p>\n","protected":false},"featured_media":36543,"template":"","meta":{"_acf_changed":false},"product_brand":[694],"product_cat":[307],"product_tag":[],"class_list":{"0":"post-36541","1":"product","2":"type-product","3":"status-publish","4":"has-post-thumbnail","6":"product_brand-eucerin","7":"product_cat-e","8":"pa_packungsgroesse-150ml","10":"first","11":"instock","12":"shipping-taxable","13":"purchasable","14":"product-type-simple"},"acf":[],"_links":{"self":[{"href":"https:\/\/www.hirtenberg-apotheke.at\/katalog\/wp-json\/wp\/v2\/product\/36541","targetHints":{"allow":["GET"]}}],"collection":[{"href":"https:\/\/www.hirtenberg-apotheke.at\/katalog\/wp-json\/wp\/v2\/product"}],"about":[{"href":"https:\/\/www.hirtenberg-apotheke.at\/katalog\/wp-json\/wp\/v2\/types\/product"}],"wp:featuredmedia":[{"embeddable":true,"href":"https:\/\/www.hirtenberg-apotheke.at\/katalog\/wp-json\/wp\/v2\/media\/36543"}],"wp:attachment":[{"href":"https:\/\/www.hirtenberg-apotheke.at\/katalog\/wp-json\/wp\/v2\/media?parent=36541"}],"wp:term":[{"taxonomy":"product_brand","embeddable":true,"href":"https:\/\/www.hirtenberg-apotheke.at\/katalog\/wp-json\/wp\/v2\/product_brand?post=36541"},{"taxonomy":"product_cat","embeddable":true,"href":"https:\/\/www.hirtenberg-apotheke.at\/katalog\/wp-json\/wp\/v2\/product_cat?post=36541"},{"taxonomy":"product_tag","embeddable":true,"href":"https:\/\/www.hirtenberg-apotheke.at\/katalog\/wp-json\/wp\/v2\/product_tag?post=36541"}],"curies":[{"name":"wp","href":"https:\/\/api.w.org\/{rel}","templated":true}]}}