{"id":36550,"date":"2025-11-25T23:33:53","date_gmt":"2025-11-25T22:33:53","guid":{"rendered":"https:\/\/www.hirtenberg-apotheke.at\/katalog\/produkt\/eucerin-photoaging-control-face-sun-fluid-lsf-50\/"},"modified":"2025-11-25T23:33:54","modified_gmt":"2025-11-25T22:33:54","slug":"eucerin-photoaging-control-face-sun-fluid-lsf-50","status":"publish","type":"product","link":"https:\/\/www.hirtenberg-apotheke.at\/katalog\/produkt\/eucerin-photoaging-control-face-sun-fluid-lsf-50\/","title":{"rendered":"Eucerin Photoaging Control Face Sun Fluid LSF 50"},"content":{"rendered":"<p>Eucerin Photoaging Control Face Sun Fluid ist eine Gesichtssonnencreme f\u00fcr jeden Hauttyp f\u00fcr den t\u00e4glichen Bedsarf und bietet optimalen Schutz vor Sonnenbrand und sonnenbedingten Hautsch\u00e4den. Sie reduziert dabei sichtbare Zeichen der Hautalterung. Die Formel mit kurz- und langkettiger Hyalurons\u00e4ure befeuchtet intensiv die Haut und mildert zudem sichtbar Falten im Gesicht und im Dekollet\u00e9.<\/p>\n","protected":false},"excerpt":{"rendered":"<p>Eucerin Photoaging Control Face Sun Fluid ist eine Gesichtssonnencreme f\u00fcr jeden Hauttyp f\u00fcr den t\u00e4glichen Bedsarf und bietet optimalen Schutz vor Sonnenbrand und sonnenbedingten Hautsch\u00e4den. Sie reduziert dabei sichtbare Zeichen der Hautalterung. Die Formel mit kurz- und langkettiger Hyalurons\u00e4ure befeuchtet intensiv die Haut und mildert zudem sichtbar Falten im Gesicht und im Dekollet\u00e9.<\/p>\n","protected":false},"featured_media":0,"template":"","meta":{"_acf_changed":false},"product_brand":[694],"product_cat":[307],"product_tag":[],"class_list":{"0":"post-36550","1":"product","2":"type-product","3":"status-publish","5":"product_brand-eucerin","6":"product_cat-e","7":"pa_packungsgroesse-50ml","9":"first","10":"instock","11":"shipping-taxable","12":"purchasable","13":"product-type-simple"},"acf":[],"_links":{"self":[{"href":"https:\/\/www.hirtenberg-apotheke.at\/katalog\/wp-json\/wp\/v2\/product\/36550","targetHints":{"allow":["GET"]}}],"collection":[{"href":"https:\/\/www.hirtenberg-apotheke.at\/katalog\/wp-json\/wp\/v2\/product"}],"about":[{"href":"https:\/\/www.hirtenberg-apotheke.at\/katalog\/wp-json\/wp\/v2\/types\/product"}],"wp:attachment":[{"href":"https:\/\/www.hirtenberg-apotheke.at\/katalog\/wp-json\/wp\/v2\/media?parent=36550"}],"wp:term":[{"taxonomy":"product_brand","embeddable":true,"href":"https:\/\/www.hirtenberg-apotheke.at\/katalog\/wp-json\/wp\/v2\/product_brand?post=36550"},{"taxonomy":"product_cat","embeddable":true,"href":"https:\/\/www.hirtenberg-apotheke.at\/katalog\/wp-json\/wp\/v2\/product_cat?post=36550"},{"taxonomy":"product_tag","embeddable":true,"href":"https:\/\/www.hirtenberg-apotheke.at\/katalog\/wp-json\/wp\/v2\/product_tag?post=36550"}],"curies":[{"name":"wp","href":"https:\/\/api.w.org\/{rel}","templated":true}]}}