{"id":36578,"date":"2025-11-25T23:33:53","date_gmt":"2025-11-25T22:33:53","guid":{"rendered":"https:\/\/www.hirtenberg-apotheke.at\/katalog\/produkt\/vichy-ideal-soleil-hautperfektionierende-gesichtscreme-lsf-50\/"},"modified":"2025-11-25T23:34:26","modified_gmt":"2025-11-25T22:34:26","slug":"vichy-ideal-soleil-hautperfektionierende-gesichtscreme-lsf-50","status":"publish","type":"product","link":"https:\/\/www.hirtenberg-apotheke.at\/katalog\/produkt\/vichy-ideal-soleil-hautperfektionierende-gesichtscreme-lsf-50\/","title":{"rendered":"Vichy IDEAL SOLEIL Hautperfektionierende-Gesichtscreme LSF 50+"},"content":{"rendered":"<p>Die Sonnenschutz-Cremes CAPITAL SOLEIL sch\u00fctzen alle Hauttypen vor UV-Strahlen mit exklusivem Filtersystem und Lichtschutzfaktoren nach Ma\u00df. Sie ziehen im Nu ein, enthalten das hautberuhigende und -kr\u00e4ftigende Thermalwasser von Vichy und machen das Auftragen zum m\u00fchelosen Vergn\u00fcgen.<\/p>\n","protected":false},"excerpt":{"rendered":"<p>Die Sonnenschutz-Cremes CAPITAL SOLEIL sch\u00fctzen alle Hauttypen vor UV-Strahlen mit exklusivem Filtersystem und Lichtschutzfaktoren nach Ma\u00df. Sie ziehen im Nu ein, enthalten das hautberuhigende und -kr\u00e4ftigende Thermalwasser von Vichy und machen das Auftragen zum m\u00fchelosen Vergn\u00fcgen.<\/p>\n","protected":false},"featured_media":36580,"template":"","meta":{"_acf_changed":false},"product_brand":[691],"product_cat":[300],"product_tag":[],"class_list":{"0":"post-36578","1":"product","2":"type-product","3":"status-publish","4":"has-post-thumbnail","6":"product_brand-vichy","7":"product_cat-v","8":"pa_packungsgroesse-50ml","10":"first","11":"instock","12":"shipping-taxable","13":"purchasable","14":"product-type-simple"},"acf":[],"_links":{"self":[{"href":"https:\/\/www.hirtenberg-apotheke.at\/katalog\/wp-json\/wp\/v2\/product\/36578","targetHints":{"allow":["GET"]}}],"collection":[{"href":"https:\/\/www.hirtenberg-apotheke.at\/katalog\/wp-json\/wp\/v2\/product"}],"about":[{"href":"https:\/\/www.hirtenberg-apotheke.at\/katalog\/wp-json\/wp\/v2\/types\/product"}],"wp:featuredmedia":[{"embeddable":true,"href":"https:\/\/www.hirtenberg-apotheke.at\/katalog\/wp-json\/wp\/v2\/media\/36580"}],"wp:attachment":[{"href":"https:\/\/www.hirtenberg-apotheke.at\/katalog\/wp-json\/wp\/v2\/media?parent=36578"}],"wp:term":[{"taxonomy":"product_brand","embeddable":true,"href":"https:\/\/www.hirtenberg-apotheke.at\/katalog\/wp-json\/wp\/v2\/product_brand?post=36578"},{"taxonomy":"product_cat","embeddable":true,"href":"https:\/\/www.hirtenberg-apotheke.at\/katalog\/wp-json\/wp\/v2\/product_cat?post=36578"},{"taxonomy":"product_tag","embeddable":true,"href":"https:\/\/www.hirtenberg-apotheke.at\/katalog\/wp-json\/wp\/v2\/product_tag?post=36578"}],"curies":[{"name":"wp","href":"https:\/\/api.w.org\/{rel}","templated":true}]}}