{"id":36587,"date":"2025-11-25T23:33:53","date_gmt":"2025-11-25T22:33:53","guid":{"rendered":"https:\/\/www.hirtenberg-apotheke.at\/katalog\/produkt\/eucerin-sonne-sonnenfluid-lsf-50-fuer-normale-bis-mischhaut\/"},"modified":"2025-11-25T23:34:32","modified_gmt":"2025-11-25T22:34:32","slug":"eucerin-sonne-sonnenfluid-lsf-50-fuer-normale-bis-mischhaut","status":"publish","type":"product","link":"https:\/\/www.hirtenberg-apotheke.at\/katalog\/produkt\/eucerin-sonne-sonnenfluid-lsf-50-fuer-normale-bis-mischhaut\/","title":{"rendered":"Eucerin SONNE Sonnenfluid LSF 50+ f\u00fcr normale bis Mischhaut"},"content":{"rendered":"<p>Eucerin Sensitive Protect Face Sun Fluid LSF 50+ ist ein innovatives Sonnenschutzmittel f\u00fcr das Gesicht, das speziell zum Schutz vor sonnenbedingten Hautsch\u00e4den und Pigmentflecken entwickelt wurde. Das wasserfeste Produkt eignet sich zur Anwendung f\u00fcr Mischhaut und fettige Haut. Dieser moderne Speziallichtschutz vereint Spitzentechnologien in sich, um die Haut vor UV-Sch\u00e4den zu sch\u00fctzen &#8211; jetzt online bestellen und bares Geld sparen!<\/p>\n","protected":false},"excerpt":{"rendered":"<p>Eucerin Sensitive Protect Face Sun Fluid LSF 50+ ist ein innovatives Sonnenschutzmittel f\u00fcr das Gesicht, das speziell zum Schutz vor sonnenbedingten Hautsch\u00e4den und Pigmentflecken entwickelt wurde. Das wasserfeste Produkt eignet sich zur Anwendung f\u00fcr Mischhaut und fettige Haut. Dieser moderne Speziallichtschutz vereint Spitzentechnologien in sich, um die Haut vor UV-Sch\u00e4den zu sch\u00fctzen &#8211; jetzt online [&hellip;]<\/p>\n","protected":false},"featured_media":36589,"template":"","meta":{"_acf_changed":false},"product_brand":[694],"product_cat":[307],"product_tag":[],"class_list":{"0":"post-36587","1":"product","2":"type-product","3":"status-publish","4":"has-post-thumbnail","6":"product_brand-eucerin","7":"product_cat-e","8":"pa_packungsgroesse-50ml","10":"first","11":"instock","12":"shipping-taxable","13":"purchasable","14":"product-type-simple"},"acf":[],"_links":{"self":[{"href":"https:\/\/www.hirtenberg-apotheke.at\/katalog\/wp-json\/wp\/v2\/product\/36587","targetHints":{"allow":["GET"]}}],"collection":[{"href":"https:\/\/www.hirtenberg-apotheke.at\/katalog\/wp-json\/wp\/v2\/product"}],"about":[{"href":"https:\/\/www.hirtenberg-apotheke.at\/katalog\/wp-json\/wp\/v2\/types\/product"}],"wp:featuredmedia":[{"embeddable":true,"href":"https:\/\/www.hirtenberg-apotheke.at\/katalog\/wp-json\/wp\/v2\/media\/36589"}],"wp:attachment":[{"href":"https:\/\/www.hirtenberg-apotheke.at\/katalog\/wp-json\/wp\/v2\/media?parent=36587"}],"wp:term":[{"taxonomy":"product_brand","embeddable":true,"href":"https:\/\/www.hirtenberg-apotheke.at\/katalog\/wp-json\/wp\/v2\/product_brand?post=36587"},{"taxonomy":"product_cat","embeddable":true,"href":"https:\/\/www.hirtenberg-apotheke.at\/katalog\/wp-json\/wp\/v2\/product_cat?post=36587"},{"taxonomy":"product_tag","embeddable":true,"href":"https:\/\/www.hirtenberg-apotheke.at\/katalog\/wp-json\/wp\/v2\/product_tag?post=36587"}],"curies":[{"name":"wp","href":"https:\/\/api.w.org\/{rel}","templated":true}]}}