{"id":36634,"date":"2025-11-25T23:34:31","date_gmt":"2025-11-25T22:34:31","guid":{"rendered":"https:\/\/www.hirtenberg-apotheke.at\/katalog\/produkt\/eucerin-sonnen-allergie-schutz-after-sun-gel\/"},"modified":"2025-11-25T23:35:12","modified_gmt":"2025-11-25T22:35:12","slug":"eucerin-sonnen-allergie-schutz-after-sun-gel","status":"publish","type":"product","link":"https:\/\/www.hirtenberg-apotheke.at\/katalog\/produkt\/eucerin-sonnen-allergie-schutz-after-sun-gel\/","title":{"rendered":"Eucerin SONNEN ALLERGIE Schutz After Sun Gel"},"content":{"rendered":"<p>F\u00fcr sonnengestresste und sonnenallergiegef\u00e4hrdete Haut nach dem Aufenthalt in der Sonne. Das Sonnen Allergie Schutz After Sun Creme-Gel beruhigt, k\u00fchlt und regeneriert die Haut. Die neue Formel mit AGR und Licochalcone A f\u00f6rdert die Regeneration, f\u00fcllt das Radikalf\u00e4nger-Depot sonnenbelasteter und Sonnenallergiegef\u00e4hrdeter Haut auf und st\u00e4rkt damit die Widerstandskraft der Zellen gegen die Ausl\u00f6ser der Sonnenallergie.<\/p>\n","protected":false},"excerpt":{"rendered":"<p>F\u00fcr sonnengestresste und sonnenallergiegef\u00e4hrdete Haut nach dem Aufenthalt in der Sonne. Das Sonnen Allergie Schutz After Sun Creme-Gel beruhigt, k\u00fchlt und regeneriert die Haut. Die neue Formel mit AGR und Licochalcone A f\u00f6rdert die Regeneration, f\u00fcllt das Radikalf\u00e4nger-Depot sonnenbelasteter und Sonnenallergiegef\u00e4hrdeter Haut auf und st\u00e4rkt damit die Widerstandskraft der Zellen gegen die Ausl\u00f6ser der Sonnenallergie.<\/p>\n","protected":false},"featured_media":36636,"template":"","meta":{"_acf_changed":false},"product_brand":[694],"product_cat":[307],"product_tag":[],"class_list":{"0":"post-36634","1":"product","2":"type-product","3":"status-publish","4":"has-post-thumbnail","6":"product_brand-eucerin","7":"product_cat-e","8":"pa_packungsgroesse-150ml","10":"first","11":"instock","12":"shipping-taxable","13":"purchasable","14":"product-type-simple"},"acf":[],"_links":{"self":[{"href":"https:\/\/www.hirtenberg-apotheke.at\/katalog\/wp-json\/wp\/v2\/product\/36634","targetHints":{"allow":["GET"]}}],"collection":[{"href":"https:\/\/www.hirtenberg-apotheke.at\/katalog\/wp-json\/wp\/v2\/product"}],"about":[{"href":"https:\/\/www.hirtenberg-apotheke.at\/katalog\/wp-json\/wp\/v2\/types\/product"}],"wp:featuredmedia":[{"embeddable":true,"href":"https:\/\/www.hirtenberg-apotheke.at\/katalog\/wp-json\/wp\/v2\/media\/36636"}],"wp:attachment":[{"href":"https:\/\/www.hirtenberg-apotheke.at\/katalog\/wp-json\/wp\/v2\/media?parent=36634"}],"wp:term":[{"taxonomy":"product_brand","embeddable":true,"href":"https:\/\/www.hirtenberg-apotheke.at\/katalog\/wp-json\/wp\/v2\/product_brand?post=36634"},{"taxonomy":"product_cat","embeddable":true,"href":"https:\/\/www.hirtenberg-apotheke.at\/katalog\/wp-json\/wp\/v2\/product_cat?post=36634"},{"taxonomy":"product_tag","embeddable":true,"href":"https:\/\/www.hirtenberg-apotheke.at\/katalog\/wp-json\/wp\/v2\/product_tag?post=36634"}],"curies":[{"name":"wp","href":"https:\/\/api.w.org\/{rel}","templated":true}]}}