{"id":36680,"date":"2025-11-25T23:35:40","date_gmt":"2025-11-25T22:35:40","guid":{"rendered":"https:\/\/www.hirtenberg-apotheke.at\/katalog\/produkt\/vichy-ideal-soleil-sonnenfluid-lsf-50-dry-touch\/"},"modified":"2025-11-25T23:35:46","modified_gmt":"2025-11-25T22:35:46","slug":"vichy-ideal-soleil-sonnenfluid-lsf-50-dry-touch","status":"publish","type":"product","link":"https:\/\/www.hirtenberg-apotheke.at\/katalog\/produkt\/vichy-ideal-soleil-sonnenfluid-lsf-50-dry-touch\/","title":{"rendered":"Vichy IDEAL SOLEIL Sonnenfluid LSF 50+ Dry Touch"},"content":{"rendered":"<p>VICHY Capital Soleil mattierendes Sonnen-Fluid LSF 50 f\u00fcr das Gesicht &#8211; Sonnenschutzpflege mit LSF 50 ohne fettenden Film und sofort mattierenden Effekt. F\u00fcr M\u00e4nner und Frauen mit heller Haut, Mischhaut bis fettige Haut, die auf der Suche nach einem Sonnenschutz sind, mit dem ihre Haut nicht gl\u00e4nzt.<\/p>\n","protected":false},"excerpt":{"rendered":"<p>VICHY Capital Soleil mattierendes Sonnen-Fluid LSF 50 f\u00fcr das Gesicht &#8211; Sonnenschutzpflege mit LSF 50 ohne fettenden Film und sofort mattierenden Effekt. F\u00fcr M\u00e4nner und Frauen mit heller Haut, Mischhaut bis fettige Haut, die auf der Suche nach einem Sonnenschutz sind, mit dem ihre Haut nicht gl\u00e4nzt.<\/p>\n","protected":false},"featured_media":0,"template":"","meta":{"_acf_changed":false},"product_brand":[691],"product_cat":[300],"product_tag":[],"class_list":{"0":"post-36680","1":"product","2":"type-product","3":"status-publish","5":"product_brand-vichy","6":"product_cat-v","7":"pa_packungsgroesse-50ml","9":"first","10":"instock","11":"shipping-taxable","12":"purchasable","13":"product-type-simple"},"acf":[],"_links":{"self":[{"href":"https:\/\/www.hirtenberg-apotheke.at\/katalog\/wp-json\/wp\/v2\/product\/36680","targetHints":{"allow":["GET"]}}],"collection":[{"href":"https:\/\/www.hirtenberg-apotheke.at\/katalog\/wp-json\/wp\/v2\/product"}],"about":[{"href":"https:\/\/www.hirtenberg-apotheke.at\/katalog\/wp-json\/wp\/v2\/types\/product"}],"wp:attachment":[{"href":"https:\/\/www.hirtenberg-apotheke.at\/katalog\/wp-json\/wp\/v2\/media?parent=36680"}],"wp:term":[{"taxonomy":"product_brand","embeddable":true,"href":"https:\/\/www.hirtenberg-apotheke.at\/katalog\/wp-json\/wp\/v2\/product_brand?post=36680"},{"taxonomy":"product_cat","embeddable":true,"href":"https:\/\/www.hirtenberg-apotheke.at\/katalog\/wp-json\/wp\/v2\/product_cat?post=36680"},{"taxonomy":"product_tag","embeddable":true,"href":"https:\/\/www.hirtenberg-apotheke.at\/katalog\/wp-json\/wp\/v2\/product_tag?post=36680"}],"curies":[{"name":"wp","href":"https:\/\/api.w.org\/{rel}","templated":true}]}}