{"id":36690,"date":"2025-11-25T23:35:40","date_gmt":"2025-11-25T22:35:40","guid":{"rendered":"https:\/\/www.hirtenberg-apotheke.at\/katalog\/produkt\/vichy-ideal-soleil-sonnenspray-mit-hyaluron-lsf-30-fuer-den-koerper\/"},"modified":"2025-11-25T23:36:06","modified_gmt":"2025-11-25T22:36:06","slug":"vichy-ideal-soleil-sonnenspray-mit-hyaluron-lsf-30-fuer-den-koerper","status":"publish","type":"product","link":"https:\/\/www.hirtenberg-apotheke.at\/katalog\/produkt\/vichy-ideal-soleil-sonnenspray-mit-hyaluron-lsf-30-fuer-den-koerper\/","title":{"rendered":"Vichy IDEAL SOLEIL Sonnenspray mit Hyaluron LSF 30 f\u00fcr den K\u00f6rper"},"content":{"rendered":"<p>VICHY Capital Soleil Sonnenspray mit Hyaluron LSF 30 &#8211; Die ultra-leichte Textur wirkt maximal erfrischend. Die Innovation enth\u00e4lt nat\u00fcrliches Hyaluron und bewirkt eine intensive Feuchtigkeitsversorgung der Haut. Hoher UV Schutz, intensiv feuchtigkeitsspendend dank Hyaluron, sch\u00fctzt die Haut vor dem Austrocknen. Maximal erfrischend, ideal f\u00fcr K\u00f6rper und Gesicht, auch f\u00fcr empfindliche Haut geeignet.<\/p>\n","protected":false},"excerpt":{"rendered":"<p>VICHY Capital Soleil Sonnenspray mit Hyaluron LSF 30 &#8211; Die ultra-leichte Textur wirkt maximal erfrischend. Die Innovation enth\u00e4lt nat\u00fcrliches Hyaluron und bewirkt eine intensive Feuchtigkeitsversorgung der Haut. Hoher UV Schutz, intensiv feuchtigkeitsspendend dank Hyaluron, sch\u00fctzt die Haut vor dem Austrocknen. Maximal erfrischend, ideal f\u00fcr K\u00f6rper und Gesicht, auch f\u00fcr empfindliche Haut geeignet.<\/p>\n","protected":false},"featured_media":36692,"template":"","meta":{"_acf_changed":false},"product_brand":[691],"product_cat":[300],"product_tag":[],"class_list":{"0":"post-36690","1":"product","2":"type-product","3":"status-publish","4":"has-post-thumbnail","6":"product_brand-vichy","7":"product_cat-v","8":"pa_packungsgroesse-200ml","10":"first","11":"instock","12":"shipping-taxable","13":"purchasable","14":"product-type-simple"},"acf":[],"_links":{"self":[{"href":"https:\/\/www.hirtenberg-apotheke.at\/katalog\/wp-json\/wp\/v2\/product\/36690","targetHints":{"allow":["GET"]}}],"collection":[{"href":"https:\/\/www.hirtenberg-apotheke.at\/katalog\/wp-json\/wp\/v2\/product"}],"about":[{"href":"https:\/\/www.hirtenberg-apotheke.at\/katalog\/wp-json\/wp\/v2\/types\/product"}],"wp:featuredmedia":[{"embeddable":true,"href":"https:\/\/www.hirtenberg-apotheke.at\/katalog\/wp-json\/wp\/v2\/media\/36692"}],"wp:attachment":[{"href":"https:\/\/www.hirtenberg-apotheke.at\/katalog\/wp-json\/wp\/v2\/media?parent=36690"}],"wp:term":[{"taxonomy":"product_brand","embeddable":true,"href":"https:\/\/www.hirtenberg-apotheke.at\/katalog\/wp-json\/wp\/v2\/product_brand?post=36690"},{"taxonomy":"product_cat","embeddable":true,"href":"https:\/\/www.hirtenberg-apotheke.at\/katalog\/wp-json\/wp\/v2\/product_cat?post=36690"},{"taxonomy":"product_tag","embeddable":true,"href":"https:\/\/www.hirtenberg-apotheke.at\/katalog\/wp-json\/wp\/v2\/product_tag?post=36690"}],"curies":[{"name":"wp","href":"https:\/\/api.w.org\/{rel}","templated":true}]}}