{"id":36726,"date":"2025-11-25T23:36:11","date_gmt":"2025-11-25T22:36:11","guid":{"rendered":"https:\/\/www.hirtenberg-apotheke.at\/katalog\/produkt\/eucerin-sensitive-protect-kids-sun-lotion-lsf-50\/"},"modified":"2025-11-25T23:36:34","modified_gmt":"2025-11-25T22:36:34","slug":"eucerin-sensitive-protect-kids-sun-lotion-lsf-50","status":"publish","type":"product","link":"https:\/\/www.hirtenberg-apotheke.at\/katalog\/produkt\/eucerin-sensitive-protect-kids-sun-lotion-lsf-50\/","title":{"rendered":"Eucerin Sensitive Protect Kids Sun Lotion LSF 50+"},"content":{"rendered":"<p>Eucerin Sensitive Protect Kids Sun Lotion LSF 50+ wurde speziell entwickelt, um Kinder ab 1 Jahr vor Sonnenbrand zu sch\u00fctzen. Biologischer Zellschutz verringert die Gefahr dauerhafter Hautsch\u00e4den durch UV-Licht. Die Lotion wurde g\u00e4nzlich ohne Parabene, Farbstoffe und Parf\u00fcm hergestellt und ist somit bestens zur Anwendung bei empfindlicher Kinderhaut geeignet.<\/p>\n","protected":false},"excerpt":{"rendered":"<p>Eucerin Sensitive Protect Kids Sun Lotion LSF 50+ wurde speziell entwickelt, um Kinder ab 1 Jahr vor Sonnenbrand zu sch\u00fctzen. Biologischer Zellschutz verringert die Gefahr dauerhafter Hautsch\u00e4den durch UV-Licht. Die Lotion wurde g\u00e4nzlich ohne Parabene, Farbstoffe und Parf\u00fcm hergestellt und ist somit bestens zur Anwendung bei empfindlicher Kinderhaut geeignet.<\/p>\n","protected":false},"featured_media":36728,"template":"","meta":{"_acf_changed":false},"product_brand":[694],"product_cat":[307],"product_tag":[],"class_list":{"0":"post-36726","1":"product","2":"type-product","3":"status-publish","4":"has-post-thumbnail","6":"product_brand-eucerin","7":"product_cat-e","8":"pa_packungsgroesse-150ml","10":"first","11":"instock","12":"shipping-taxable","13":"purchasable","14":"product-type-simple"},"acf":[],"_links":{"self":[{"href":"https:\/\/www.hirtenberg-apotheke.at\/katalog\/wp-json\/wp\/v2\/product\/36726","targetHints":{"allow":["GET"]}}],"collection":[{"href":"https:\/\/www.hirtenberg-apotheke.at\/katalog\/wp-json\/wp\/v2\/product"}],"about":[{"href":"https:\/\/www.hirtenberg-apotheke.at\/katalog\/wp-json\/wp\/v2\/types\/product"}],"wp:featuredmedia":[{"embeddable":true,"href":"https:\/\/www.hirtenberg-apotheke.at\/katalog\/wp-json\/wp\/v2\/media\/36728"}],"wp:attachment":[{"href":"https:\/\/www.hirtenberg-apotheke.at\/katalog\/wp-json\/wp\/v2\/media?parent=36726"}],"wp:term":[{"taxonomy":"product_brand","embeddable":true,"href":"https:\/\/www.hirtenberg-apotheke.at\/katalog\/wp-json\/wp\/v2\/product_brand?post=36726"},{"taxonomy":"product_cat","embeddable":true,"href":"https:\/\/www.hirtenberg-apotheke.at\/katalog\/wp-json\/wp\/v2\/product_cat?post=36726"},{"taxonomy":"product_tag","embeddable":true,"href":"https:\/\/www.hirtenberg-apotheke.at\/katalog\/wp-json\/wp\/v2\/product_tag?post=36726"}],"curies":[{"name":"wp","href":"https:\/\/api.w.org\/{rel}","templated":true}]}}