{"id":36746,"date":"2025-11-25T23:36:38","date_gmt":"2025-11-25T22:36:38","guid":{"rendered":"https:\/\/www.hirtenberg-apotheke.at\/katalog\/produkt\/eucerin-sonne-sonnencreme-lsf-30-fuer-normale-bis-trockene-haut\/"},"modified":"2025-11-25T23:36:56","modified_gmt":"2025-11-25T22:36:56","slug":"eucerin-sonne-sonnencreme-lsf-30-fuer-normale-bis-trockene-haut","status":"publish","type":"product","link":"https:\/\/www.hirtenberg-apotheke.at\/katalog\/produkt\/eucerin-sonne-sonnencreme-lsf-30-fuer-normale-bis-trockene-haut\/","title":{"rendered":"Eucerin SONNE Sonnencreme LSF 30 f\u00fcr normale bis trockene Haut"},"content":{"rendered":"<p>Eucerin Sun Creme ist ein modernes Sonnenschutzmittel, das speziell zum Schutz vor Hautalterung und Pigmentflecken durch Sonneneinwirkung entwickelt wurde. Es eignet sich zur Anwendung f\u00fcr normale Haut ebenso wie f\u00fcr und trockene Haut. In klinischen Studien wurde die Wirksamkeit und Hautvertr\u00e4glichkeit selbst bei Neurodermitis nachgewiesen.<\/p>\n","protected":false},"excerpt":{"rendered":"<p>Eucerin Sun Creme ist ein modernes Sonnenschutzmittel, das speziell zum Schutz vor Hautalterung und Pigmentflecken durch Sonneneinwirkung entwickelt wurde. Es eignet sich zur Anwendung f\u00fcr normale Haut ebenso wie f\u00fcr und trockene Haut. In klinischen Studien wurde die Wirksamkeit und Hautvertr\u00e4glichkeit selbst bei Neurodermitis nachgewiesen.<\/p>\n","protected":false},"featured_media":0,"template":"","meta":{"_acf_changed":false},"product_brand":[694],"product_cat":[307],"product_tag":[],"class_list":{"0":"post-36746","1":"product","2":"type-product","3":"status-publish","5":"product_brand-eucerin","6":"product_cat-e","7":"pa_packungsgroesse-50ml","9":"first","10":"instock","11":"shipping-taxable","12":"purchasable","13":"product-type-simple"},"acf":[],"_links":{"self":[{"href":"https:\/\/www.hirtenberg-apotheke.at\/katalog\/wp-json\/wp\/v2\/product\/36746","targetHints":{"allow":["GET"]}}],"collection":[{"href":"https:\/\/www.hirtenberg-apotheke.at\/katalog\/wp-json\/wp\/v2\/product"}],"about":[{"href":"https:\/\/www.hirtenberg-apotheke.at\/katalog\/wp-json\/wp\/v2\/types\/product"}],"wp:attachment":[{"href":"https:\/\/www.hirtenberg-apotheke.at\/katalog\/wp-json\/wp\/v2\/media?parent=36746"}],"wp:term":[{"taxonomy":"product_brand","embeddable":true,"href":"https:\/\/www.hirtenberg-apotheke.at\/katalog\/wp-json\/wp\/v2\/product_brand?post=36746"},{"taxonomy":"product_cat","embeddable":true,"href":"https:\/\/www.hirtenberg-apotheke.at\/katalog\/wp-json\/wp\/v2\/product_cat?post=36746"},{"taxonomy":"product_tag","embeddable":true,"href":"https:\/\/www.hirtenberg-apotheke.at\/katalog\/wp-json\/wp\/v2\/product_tag?post=36746"}],"curies":[{"name":"wp","href":"https:\/\/api.w.org\/{rel}","templated":true}]}}