{"id":36764,"date":"2025-11-25T23:37:09","date_gmt":"2025-11-25T22:37:09","guid":{"rendered":"https:\/\/www.hirtenberg-apotheke.at\/katalog\/produkt\/lavidal-kind-allergie-sonnengel-f30-200-ml\/"},"modified":"2025-11-25T23:37:18","modified_gmt":"2025-11-25T22:37:18","slug":"lavidal-kind-allergie-sonnengel-f30-200-ml","status":"publish","type":"product","link":"https:\/\/www.hirtenberg-apotheke.at\/katalog\/produkt\/lavidal-kind-allergie-sonnengel-f30-200-ml\/","title":{"rendered":"Lavidal Kind Allergie Sonnengel F30 200 ml"},"content":{"rendered":"<p>So viel wie n\u00f6tig, so wenig wie m\u00f6glich. Das ist das Ladival\u00ae-Prinzip. Ladival\u00ae verzichtet ganz bewusst und konsequent auf unn\u00f6tige Inhaltsstoffe und setzt damit einen neuen Standard im Sonnenschutz. Ladival\u00ae-Produkte sind grunds\u00e4tzlich frei von Farb- und Duftstoffen und enthalten keine Mineral\u00f6le, Silikon\u00f6le, PEG-Emulgatoren oder Parabene. Ladival\u00ae ist die erste Wahl f\u00fcr alle, die ihre Haut nicht mit unn\u00f6tigen Stoffen belasten wollen.<\/p>\n","protected":false},"excerpt":{"rendered":"<p>So viel wie n\u00f6tig, so wenig wie m\u00f6glich. Das ist das Ladival\u00ae-Prinzip. Ladival\u00ae verzichtet ganz bewusst und konsequent auf unn\u00f6tige Inhaltsstoffe und setzt damit einen neuen Standard im Sonnenschutz. Ladival\u00ae-Produkte sind grunds\u00e4tzlich frei von Farb- und Duftstoffen und enthalten keine Mineral\u00f6le, Silikon\u00f6le, PEG-Emulgatoren oder Parabene. Ladival\u00ae ist die erste Wahl f\u00fcr alle, die ihre Haut [&hellip;]<\/p>\n","protected":false},"featured_media":36766,"template":"","meta":{"_acf_changed":false},"product_brand":[1017],"product_cat":[317],"product_tag":[],"class_list":{"0":"post-36764","1":"product","2":"type-product","3":"status-publish","4":"has-post-thumbnail","6":"product_brand-ladival","7":"product_cat-l","8":"pa_packungsgroesse-200ml","10":"first","11":"instock","12":"shipping-taxable","13":"purchasable","14":"product-type-simple"},"acf":[],"_links":{"self":[{"href":"https:\/\/www.hirtenberg-apotheke.at\/katalog\/wp-json\/wp\/v2\/product\/36764","targetHints":{"allow":["GET"]}}],"collection":[{"href":"https:\/\/www.hirtenberg-apotheke.at\/katalog\/wp-json\/wp\/v2\/product"}],"about":[{"href":"https:\/\/www.hirtenberg-apotheke.at\/katalog\/wp-json\/wp\/v2\/types\/product"}],"wp:featuredmedia":[{"embeddable":true,"href":"https:\/\/www.hirtenberg-apotheke.at\/katalog\/wp-json\/wp\/v2\/media\/36766"}],"wp:attachment":[{"href":"https:\/\/www.hirtenberg-apotheke.at\/katalog\/wp-json\/wp\/v2\/media?parent=36764"}],"wp:term":[{"taxonomy":"product_brand","embeddable":true,"href":"https:\/\/www.hirtenberg-apotheke.at\/katalog\/wp-json\/wp\/v2\/product_brand?post=36764"},{"taxonomy":"product_cat","embeddable":true,"href":"https:\/\/www.hirtenberg-apotheke.at\/katalog\/wp-json\/wp\/v2\/product_cat?post=36764"},{"taxonomy":"product_tag","embeddable":true,"href":"https:\/\/www.hirtenberg-apotheke.at\/katalog\/wp-json\/wp\/v2\/product_tag?post=36764"}],"curies":[{"name":"wp","href":"https:\/\/api.w.org\/{rel}","templated":true}]}}