{"id":36786,"date":"2025-11-25T23:37:09","date_gmt":"2025-11-25T22:37:09","guid":{"rendered":"https:\/\/www.hirtenberg-apotheke.at\/katalog\/produkt\/heliocare-360-airgel-60-ml\/"},"modified":"2025-11-25T23:37:36","modified_gmt":"2025-11-25T22:37:36","slug":"heliocare-360-airgel-60-ml","status":"publish","type":"product","link":"https:\/\/www.hirtenberg-apotheke.at\/katalog\/produkt\/heliocare-360-airgel-60-ml\/","title":{"rendered":"Heliocare 360\u00b0 Airgel 60 ml"},"content":{"rendered":"<p>Heliocare 360\u00b0 Airgel ist ein sehr hoher Photoimmunschutz f\u00fcr normale Haut, Mischhaut oder zu Akne neigender Haut. Es ist ein leicht sch\u00e4umendes Gel, das ein gleichm\u00e4\u00dfiges Auftragen erleichtert und schnell einziet. Das Gel hinterl\u00e4sst ein angenehm sanftes Gef\u00fchl auf der Haut.<\/p>\n","protected":false},"excerpt":{"rendered":"<p>Heliocare 360\u00b0 Airgel ist ein sehr hoher Photoimmunschutz f\u00fcr normale Haut, Mischhaut oder zu Akne neigender Haut. Es ist ein leicht sch\u00e4umendes Gel, das ein gleichm\u00e4\u00dfiges Auftragen erleichtert und schnell einziet. Das Gel hinterl\u00e4sst ein angenehm sanftes Gef\u00fchl auf der Haut.<\/p>\n","protected":false},"featured_media":0,"template":"","meta":{"_acf_changed":false},"product_brand":[1016],"product_cat":[330],"product_tag":[],"class_list":{"0":"post-36786","1":"product","2":"type-product","3":"status-publish","5":"product_brand-heliocare","6":"product_cat-h","7":"pa_packungsgroesse-60ml","9":"first","10":"instock","11":"shipping-taxable","12":"purchasable","13":"product-type-simple"},"acf":[],"_links":{"self":[{"href":"https:\/\/www.hirtenberg-apotheke.at\/katalog\/wp-json\/wp\/v2\/product\/36786","targetHints":{"allow":["GET"]}}],"collection":[{"href":"https:\/\/www.hirtenberg-apotheke.at\/katalog\/wp-json\/wp\/v2\/product"}],"about":[{"href":"https:\/\/www.hirtenberg-apotheke.at\/katalog\/wp-json\/wp\/v2\/types\/product"}],"wp:attachment":[{"href":"https:\/\/www.hirtenberg-apotheke.at\/katalog\/wp-json\/wp\/v2\/media?parent=36786"}],"wp:term":[{"taxonomy":"product_brand","embeddable":true,"href":"https:\/\/www.hirtenberg-apotheke.at\/katalog\/wp-json\/wp\/v2\/product_brand?post=36786"},{"taxonomy":"product_cat","embeddable":true,"href":"https:\/\/www.hirtenberg-apotheke.at\/katalog\/wp-json\/wp\/v2\/product_cat?post=36786"},{"taxonomy":"product_tag","embeddable":true,"href":"https:\/\/www.hirtenberg-apotheke.at\/katalog\/wp-json\/wp\/v2\/product_tag?post=36786"}],"curies":[{"name":"wp","href":"https:\/\/api.w.org\/{rel}","templated":true}]}}