{"id":36898,"date":"2025-11-25T23:39:15","date_gmt":"2025-11-25T22:39:15","guid":{"rendered":"https:\/\/www.hirtenberg-apotheke.at\/katalog\/produkt\/eucerin-photoaging-control-sun-lotion-extra-light-lsf-30\/"},"modified":"2025-11-25T23:39:35","modified_gmt":"2025-11-25T22:39:35","slug":"eucerin-photoaging-control-sun-lotion-extra-light-lsf-30","status":"publish","type":"product","link":"https:\/\/www.hirtenberg-apotheke.at\/katalog\/produkt\/eucerin-photoaging-control-sun-lotion-extra-light-lsf-30\/","title":{"rendered":"Eucerin Photoaging Control Sun Lotion Extra Light LSF 30"},"content":{"rendered":"<p>Eucerin Photoaging Control Sun Lotion Extra Light LSF 30 150 ml ist ein Sonnenschutz f\u00fcr den ganzen K\u00f6rper und jeden Hauttyp und bietet hohen Schutz bei UVA\/UVB-Strahlung. Die extraleichte Lotion zieht sofort ein und l\u00e4sst die Haut gleichm\u00e4\u00dfiger und frischer aussehen. Au\u00dferdem ist sie wasserfest und enth\u00e4lt die Eucerin \u201eAnti-Flecken nach dem Waschen\u201c*-Technologie &#8211; profitieren Sie von hohen Rabatten und dem gro\u00dfen Sortiment einer Standortapotheke!<\/p>\n","protected":false},"excerpt":{"rendered":"<p>Eucerin Photoaging Control Sun Lotion Extra Light LSF 30 150 ml ist ein Sonnenschutz f\u00fcr den ganzen K\u00f6rper und jeden Hauttyp und bietet hohen Schutz bei UVA\/UVB-Strahlung. Die extraleichte Lotion zieht sofort ein und l\u00e4sst die Haut gleichm\u00e4\u00dfiger und frischer aussehen. Au\u00dferdem ist sie wasserfest und enth\u00e4lt die Eucerin \u201eAnti-Flecken nach dem Waschen\u201c*-Technologie &#8211; profitieren [&hellip;]<\/p>\n","protected":false},"featured_media":36900,"template":"","meta":{"_acf_changed":false},"product_brand":[694],"product_cat":[307],"product_tag":[],"class_list":{"0":"post-36898","1":"product","2":"type-product","3":"status-publish","4":"has-post-thumbnail","6":"product_brand-eucerin","7":"product_cat-e","8":"pa_packungsgroesse-150ml","10":"first","11":"instock","12":"shipping-taxable","13":"purchasable","14":"product-type-simple"},"acf":[],"_links":{"self":[{"href":"https:\/\/www.hirtenberg-apotheke.at\/katalog\/wp-json\/wp\/v2\/product\/36898","targetHints":{"allow":["GET"]}}],"collection":[{"href":"https:\/\/www.hirtenberg-apotheke.at\/katalog\/wp-json\/wp\/v2\/product"}],"about":[{"href":"https:\/\/www.hirtenberg-apotheke.at\/katalog\/wp-json\/wp\/v2\/types\/product"}],"wp:featuredmedia":[{"embeddable":true,"href":"https:\/\/www.hirtenberg-apotheke.at\/katalog\/wp-json\/wp\/v2\/media\/36900"}],"wp:attachment":[{"href":"https:\/\/www.hirtenberg-apotheke.at\/katalog\/wp-json\/wp\/v2\/media?parent=36898"}],"wp:term":[{"taxonomy":"product_brand","embeddable":true,"href":"https:\/\/www.hirtenberg-apotheke.at\/katalog\/wp-json\/wp\/v2\/product_brand?post=36898"},{"taxonomy":"product_cat","embeddable":true,"href":"https:\/\/www.hirtenberg-apotheke.at\/katalog\/wp-json\/wp\/v2\/product_cat?post=36898"},{"taxonomy":"product_tag","embeddable":true,"href":"https:\/\/www.hirtenberg-apotheke.at\/katalog\/wp-json\/wp\/v2\/product_tag?post=36898"}],"curies":[{"name":"wp","href":"https:\/\/api.w.org\/{rel}","templated":true}]}}