{"id":36905,"date":"2025-11-25T23:39:15","date_gmt":"2025-11-25T22:39:15","guid":{"rendered":"https:\/\/www.hirtenberg-apotheke.at\/katalog\/produkt\/ladival-apres-pflege-milch-fuer-kinder-200-ml\/"},"modified":"2025-11-25T23:39:37","modified_gmt":"2025-11-25T22:39:37","slug":"ladival-apres-pflege-milch-fuer-kinder-200-ml","status":"publish","type":"product","link":"https:\/\/www.hirtenberg-apotheke.at\/katalog\/produkt\/ladival-apres-pflege-milch-fuer-kinder-200-ml\/","title":{"rendered":"Ladival Apr\u00e9s Pflege Milch f\u00fcr Kinder 200 ml"},"content":{"rendered":"<p>Ladival\u00ae Apr\u00e9s Pflege Milch wurde speziell f\u00fcr trockene Kinderhaut entwickelt. Sie pflegt besonders intensiv, ist leicht aufzutragen, zieht schnell ein und k\u00fchlt angenehm.<\/p>\n","protected":false},"excerpt":{"rendered":"<p>Ladival\u00ae Apr\u00e9s Pflege Milch wurde speziell f\u00fcr trockene Kinderhaut entwickelt. Sie pflegt besonders intensiv, ist leicht aufzutragen, zieht schnell ein und k\u00fchlt angenehm.<\/p>\n","protected":false},"featured_media":36907,"template":"","meta":{"_acf_changed":false},"product_brand":[1017],"product_cat":[317],"product_tag":[],"class_list":{"0":"post-36905","1":"product","2":"type-product","3":"status-publish","4":"has-post-thumbnail","6":"product_brand-ladival","7":"product_cat-l","8":"pa_packungsgroesse-200ml","10":"first","11":"instock","12":"shipping-taxable","13":"purchasable","14":"product-type-simple"},"acf":[],"_links":{"self":[{"href":"https:\/\/www.hirtenberg-apotheke.at\/katalog\/wp-json\/wp\/v2\/product\/36905","targetHints":{"allow":["GET"]}}],"collection":[{"href":"https:\/\/www.hirtenberg-apotheke.at\/katalog\/wp-json\/wp\/v2\/product"}],"about":[{"href":"https:\/\/www.hirtenberg-apotheke.at\/katalog\/wp-json\/wp\/v2\/types\/product"}],"wp:featuredmedia":[{"embeddable":true,"href":"https:\/\/www.hirtenberg-apotheke.at\/katalog\/wp-json\/wp\/v2\/media\/36907"}],"wp:attachment":[{"href":"https:\/\/www.hirtenberg-apotheke.at\/katalog\/wp-json\/wp\/v2\/media?parent=36905"}],"wp:term":[{"taxonomy":"product_brand","embeddable":true,"href":"https:\/\/www.hirtenberg-apotheke.at\/katalog\/wp-json\/wp\/v2\/product_brand?post=36905"},{"taxonomy":"product_cat","embeddable":true,"href":"https:\/\/www.hirtenberg-apotheke.at\/katalog\/wp-json\/wp\/v2\/product_cat?post=36905"},{"taxonomy":"product_tag","embeddable":true,"href":"https:\/\/www.hirtenberg-apotheke.at\/katalog\/wp-json\/wp\/v2\/product_tag?post=36905"}],"curies":[{"name":"wp","href":"https:\/\/api.w.org\/{rel}","templated":true}]}}