{"id":36975,"date":"2025-11-25T23:40:08","date_gmt":"2025-11-25T22:40:08","guid":{"rendered":"https:\/\/www.hirtenberg-apotheke.at\/katalog\/produkt\/tiroler-nussoel-sonnenoel-wasserfest-lsf-6-150-ml\/"},"modified":"2025-11-25T23:40:29","modified_gmt":"2025-11-25T22:40:29","slug":"tiroler-nussoel-sonnenoel-wasserfest-lsf-6-150-ml","status":"publish","type":"product","link":"https:\/\/www.hirtenberg-apotheke.at\/katalog\/produkt\/tiroler-nussoel-sonnenoel-wasserfest-lsf-6-150-ml\/","title":{"rendered":"Tiroler Nuss\u00f6l Sonnen\u00f6l wasserfest LSF 6 150 ml"},"content":{"rendered":"<p>Tiroler Nuss\u00f6l Sonnen\u00f6l wasserfest LSF 6 ist ein pflegendes Sonnen\u00f6l mit Lichtschutzfaktor 6. Das \u00d6l verw\u00f6hnt die Haut und beugt vorzeitiger, lichtbedingter Hautalterung vor.Dieses Produkt erhalten Sie in den Packungsgr\u00f6\u00dfen 75 ml und 150 ml.<\/p>\n","protected":false},"excerpt":{"rendered":"<p>Tiroler Nuss\u00f6l Sonnen\u00f6l wasserfest LSF 6 ist ein pflegendes Sonnen\u00f6l mit Lichtschutzfaktor 6. Das \u00d6l verw\u00f6hnt die Haut und beugt vorzeitiger, lichtbedingter Hautalterung vor.Dieses Produkt erhalten Sie in den Packungsgr\u00f6\u00dfen 75 ml und 150 ml.<\/p>\n","protected":false},"featured_media":0,"template":"","meta":{"_acf_changed":false},"product_brand":[],"product_cat":[319],"product_tag":[],"class_list":{"0":"post-36975","1":"product","2":"type-product","3":"status-publish","5":"product_cat-t","6":"pa_packungsgroesse-150ml","8":"first","9":"instock","10":"shipping-taxable","11":"purchasable","12":"product-type-simple"},"acf":[],"_links":{"self":[{"href":"https:\/\/www.hirtenberg-apotheke.at\/katalog\/wp-json\/wp\/v2\/product\/36975","targetHints":{"allow":["GET"]}}],"collection":[{"href":"https:\/\/www.hirtenberg-apotheke.at\/katalog\/wp-json\/wp\/v2\/product"}],"about":[{"href":"https:\/\/www.hirtenberg-apotheke.at\/katalog\/wp-json\/wp\/v2\/types\/product"}],"wp:attachment":[{"href":"https:\/\/www.hirtenberg-apotheke.at\/katalog\/wp-json\/wp\/v2\/media?parent=36975"}],"wp:term":[{"taxonomy":"product_brand","embeddable":true,"href":"https:\/\/www.hirtenberg-apotheke.at\/katalog\/wp-json\/wp\/v2\/product_brand?post=36975"},{"taxonomy":"product_cat","embeddable":true,"href":"https:\/\/www.hirtenberg-apotheke.at\/katalog\/wp-json\/wp\/v2\/product_cat?post=36975"},{"taxonomy":"product_tag","embeddable":true,"href":"https:\/\/www.hirtenberg-apotheke.at\/katalog\/wp-json\/wp\/v2\/product_tag?post=36975"}],"curies":[{"name":"wp","href":"https:\/\/api.w.org\/{rel}","templated":true}]}}