{"id":36985,"date":"2025-11-25T23:40:28","date_gmt":"2025-11-25T22:40:28","guid":{"rendered":"https:\/\/www.hirtenberg-apotheke.at\/katalog\/produkt\/tiroler-nussoel-original-lippenschutz-lsf-25-48-g\/"},"modified":"2025-11-25T23:40:35","modified_gmt":"2025-11-25T22:40:35","slug":"tiroler-nussoel-original-lippenschutz-lsf-25-48-g","status":"publish","type":"product","link":"https:\/\/www.hirtenberg-apotheke.at\/katalog\/produkt\/tiroler-nussoel-original-lippenschutz-lsf-25-48-g\/","title":{"rendered":"Tiroler Nuss\u00f6l Original Lippenschutz LSF 25 4,8 g"},"content":{"rendered":"<p>Tiroler Nuss\u00f6l Lippenschutz-Stift mit Sonnenschutzfaktor 25 eignet sich ideal zur t\u00e4glichen Pflege auch von empfindlichen Lippen.<\/p>\n","protected":false},"excerpt":{"rendered":"<p>Tiroler Nuss\u00f6l Lippenschutz-Stift mit Sonnenschutzfaktor 25 eignet sich ideal zur t\u00e4glichen Pflege auch von empfindlichen Lippen.<\/p>\n","protected":false},"featured_media":0,"template":"","meta":{"_acf_changed":false},"product_brand":[],"product_cat":[319],"product_tag":[],"class_list":{"0":"post-36985","1":"product","2":"type-product","3":"status-publish","5":"product_cat-t","6":"pa_packungsgroesse-4g","8":"first","9":"instock","10":"shipping-taxable","11":"purchasable","12":"product-type-simple"},"acf":[],"_links":{"self":[{"href":"https:\/\/www.hirtenberg-apotheke.at\/katalog\/wp-json\/wp\/v2\/product\/36985","targetHints":{"allow":["GET"]}}],"collection":[{"href":"https:\/\/www.hirtenberg-apotheke.at\/katalog\/wp-json\/wp\/v2\/product"}],"about":[{"href":"https:\/\/www.hirtenberg-apotheke.at\/katalog\/wp-json\/wp\/v2\/types\/product"}],"wp:attachment":[{"href":"https:\/\/www.hirtenberg-apotheke.at\/katalog\/wp-json\/wp\/v2\/media?parent=36985"}],"wp:term":[{"taxonomy":"product_brand","embeddable":true,"href":"https:\/\/www.hirtenberg-apotheke.at\/katalog\/wp-json\/wp\/v2\/product_brand?post=36985"},{"taxonomy":"product_cat","embeddable":true,"href":"https:\/\/www.hirtenberg-apotheke.at\/katalog\/wp-json\/wp\/v2\/product_cat?post=36985"},{"taxonomy":"product_tag","embeddable":true,"href":"https:\/\/www.hirtenberg-apotheke.at\/katalog\/wp-json\/wp\/v2\/product_tag?post=36985"}],"curies":[{"name":"wp","href":"https:\/\/api.w.org\/{rel}","templated":true}]}}