{"id":37000,"date":"2025-11-25T23:40:28","date_gmt":"2025-11-25T22:40:28","guid":{"rendered":"https:\/\/www.hirtenberg-apotheke.at\/katalog\/produkt\/biosolis-kinder-sonnenpflegemilch-lsf-50-100-ml\/"},"modified":"2025-11-25T23:40:50","modified_gmt":"2025-11-25T22:40:50","slug":"biosolis-kinder-sonnenpflegemilch-lsf-50-100-ml","status":"publish","type":"product","link":"https:\/\/www.hirtenberg-apotheke.at\/katalog\/produkt\/biosolis-kinder-sonnenpflegemilch-lsf-50-100-ml\/","title":{"rendered":"Biosolis Kinder Sonnenpflegemilch LSF 50 100 ml"},"content":{"rendered":"<p>Biosolis Kinder Sonnenpflegemilch enth\u00e4lt 100% mineralistische Sonnenfilter, die die Haut sch\u00fctzen ohne sie zu reizen. Inhaltsstoffe wie Aloe Vera, Sheabutter, Sonnenblumen\u00f6l, Jojoba\u00f6l und Tamanu n\u00e4hren die Haut auf nat\u00fcrliche Weise und hydratisieren sie. Das Produkte enth\u00e4lt teilweise biologische Inhaltsstoffe.<\/p>\n","protected":false},"excerpt":{"rendered":"<p>Biosolis Kinder Sonnenpflegemilch enth\u00e4lt 100% mineralistische Sonnenfilter, die die Haut sch\u00fctzen ohne sie zu reizen. Inhaltsstoffe wie Aloe Vera, Sheabutter, Sonnenblumen\u00f6l, Jojoba\u00f6l und Tamanu n\u00e4hren die Haut auf nat\u00fcrliche Weise und hydratisieren sie. Das Produkte enth\u00e4lt teilweise biologische Inhaltsstoffe.<\/p>\n","protected":false},"featured_media":0,"template":"","meta":{"_acf_changed":false},"product_brand":[],"product_cat":[292],"product_tag":[],"class_list":{"0":"post-37000","1":"product","2":"type-product","3":"status-publish","5":"product_cat-b","6":"pa_packungsgroesse-100ml","8":"first","9":"instock","10":"shipping-taxable","11":"purchasable","12":"product-type-simple"},"acf":[],"_links":{"self":[{"href":"https:\/\/www.hirtenberg-apotheke.at\/katalog\/wp-json\/wp\/v2\/product\/37000","targetHints":{"allow":["GET"]}}],"collection":[{"href":"https:\/\/www.hirtenberg-apotheke.at\/katalog\/wp-json\/wp\/v2\/product"}],"about":[{"href":"https:\/\/www.hirtenberg-apotheke.at\/katalog\/wp-json\/wp\/v2\/types\/product"}],"wp:attachment":[{"href":"https:\/\/www.hirtenberg-apotheke.at\/katalog\/wp-json\/wp\/v2\/media?parent=37000"}],"wp:term":[{"taxonomy":"product_brand","embeddable":true,"href":"https:\/\/www.hirtenberg-apotheke.at\/katalog\/wp-json\/wp\/v2\/product_brand?post=37000"},{"taxonomy":"product_cat","embeddable":true,"href":"https:\/\/www.hirtenberg-apotheke.at\/katalog\/wp-json\/wp\/v2\/product_cat?post=37000"},{"taxonomy":"product_tag","embeddable":true,"href":"https:\/\/www.hirtenberg-apotheke.at\/katalog\/wp-json\/wp\/v2\/product_tag?post=37000"}],"curies":[{"name":"wp","href":"https:\/\/api.w.org\/{rel}","templated":true}]}}