{"id":37004,"date":"2025-11-25T23:40:50","date_gmt":"2025-11-25T22:40:50","guid":{"rendered":"https:\/\/www.hirtenberg-apotheke.at\/katalog\/produkt\/tiroler-nussoel-sonnenoel-spray-wasserfest-lsf-6-150-ml\/"},"modified":"2025-11-25T23:40:56","modified_gmt":"2025-11-25T22:40:56","slug":"tiroler-nussoel-sonnenoel-spray-wasserfest-lsf-6-150-ml","status":"publish","type":"product","link":"https:\/\/www.hirtenberg-apotheke.at\/katalog\/produkt\/tiroler-nussoel-sonnenoel-spray-wasserfest-lsf-6-150-ml\/","title":{"rendered":"Tiroler Nuss\u00f6l Sonnen\u00f6l Spray wasserfest LSF 6 150 ml"},"content":{"rendered":"<p>Tiroler Nuss\u00f6l Sonnen\u00f6l Spray wasserfest LSF 6 ist ein pflegendes Sonnen\u00f6l mit Lichtschutzfaktor 6. Das \u00d6l verw\u00f6hnt die Haut und beugt vorzeitiger, lichtbedingter Hautalterung vor.<\/p>\n","protected":false},"excerpt":{"rendered":"<p>Tiroler Nuss\u00f6l Sonnen\u00f6l Spray wasserfest LSF 6 ist ein pflegendes Sonnen\u00f6l mit Lichtschutzfaktor 6. Das \u00d6l verw\u00f6hnt die Haut und beugt vorzeitiger, lichtbedingter Hautalterung vor.<\/p>\n","protected":false},"featured_media":37006,"template":"","meta":{"_acf_changed":false},"product_brand":[],"product_cat":[319],"product_tag":[],"class_list":{"0":"post-37004","1":"product","2":"type-product","3":"status-publish","4":"has-post-thumbnail","6":"product_cat-t","7":"pa_packungsgroesse-150ml","9":"first","10":"instock","11":"shipping-taxable","12":"purchasable","13":"product-type-simple"},"acf":[],"_links":{"self":[{"href":"https:\/\/www.hirtenberg-apotheke.at\/katalog\/wp-json\/wp\/v2\/product\/37004","targetHints":{"allow":["GET"]}}],"collection":[{"href":"https:\/\/www.hirtenberg-apotheke.at\/katalog\/wp-json\/wp\/v2\/product"}],"about":[{"href":"https:\/\/www.hirtenberg-apotheke.at\/katalog\/wp-json\/wp\/v2\/types\/product"}],"wp:featuredmedia":[{"embeddable":true,"href":"https:\/\/www.hirtenberg-apotheke.at\/katalog\/wp-json\/wp\/v2\/media\/37006"}],"wp:attachment":[{"href":"https:\/\/www.hirtenberg-apotheke.at\/katalog\/wp-json\/wp\/v2\/media?parent=37004"}],"wp:term":[{"taxonomy":"product_brand","embeddable":true,"href":"https:\/\/www.hirtenberg-apotheke.at\/katalog\/wp-json\/wp\/v2\/product_brand?post=37004"},{"taxonomy":"product_cat","embeddable":true,"href":"https:\/\/www.hirtenberg-apotheke.at\/katalog\/wp-json\/wp\/v2\/product_cat?post=37004"},{"taxonomy":"product_tag","embeddable":true,"href":"https:\/\/www.hirtenberg-apotheke.at\/katalog\/wp-json\/wp\/v2\/product_tag?post=37004"}],"curies":[{"name":"wp","href":"https:\/\/api.w.org\/{rel}","templated":true}]}}