{"id":37009,"date":"2025-11-25T23:40:50","date_gmt":"2025-11-25T22:40:50","guid":{"rendered":"https:\/\/www.hirtenberg-apotheke.at\/katalog\/produkt\/tiroler-nussoel-sonnenmilch-wasserfest-150-ml-lsf-20\/"},"modified":"2025-11-25T23:40:58","modified_gmt":"2025-11-25T22:40:58","slug":"tiroler-nussoel-sonnenmilch-wasserfest-150-ml-lsf-20","status":"publish","type":"product","link":"https:\/\/www.hirtenberg-apotheke.at\/katalog\/produkt\/tiroler-nussoel-sonnenmilch-wasserfest-150-ml-lsf-20\/","title":{"rendered":"Tiroler Nuss\u00f6l Sonnenmilch wasserfest 150 ml LSF 20"},"content":{"rendered":"<p>Tiroler Nuss\u00f6l Sonnenmilch wasserfest bietet vollkommenen Schutz und langanhaltende Br\u00e4une. Die Sonnenmilch pflegt und sch\u00fctzt die Haut von der ersten Sekunde an. F\u00fcr eine attraktive, lang anhaltende Br\u00e4une.<\/p>\n","protected":false},"excerpt":{"rendered":"<p>Tiroler Nuss\u00f6l Sonnenmilch wasserfest bietet vollkommenen Schutz und langanhaltende Br\u00e4une. Die Sonnenmilch pflegt und sch\u00fctzt die Haut von der ersten Sekunde an. F\u00fcr eine attraktive, lang anhaltende Br\u00e4une.<\/p>\n","protected":false},"featured_media":0,"template":"","meta":{"_acf_changed":false},"product_brand":[],"product_cat":[319],"product_tag":[],"class_list":{"0":"post-37009","1":"product","2":"type-product","3":"status-publish","5":"product_cat-t","6":"pa_packungsgroesse-150ml","8":"first","9":"instock","10":"shipping-taxable","11":"purchasable","12":"product-type-simple"},"acf":[],"_links":{"self":[{"href":"https:\/\/www.hirtenberg-apotheke.at\/katalog\/wp-json\/wp\/v2\/product\/37009","targetHints":{"allow":["GET"]}}],"collection":[{"href":"https:\/\/www.hirtenberg-apotheke.at\/katalog\/wp-json\/wp\/v2\/product"}],"about":[{"href":"https:\/\/www.hirtenberg-apotheke.at\/katalog\/wp-json\/wp\/v2\/types\/product"}],"wp:attachment":[{"href":"https:\/\/www.hirtenberg-apotheke.at\/katalog\/wp-json\/wp\/v2\/media?parent=37009"}],"wp:term":[{"taxonomy":"product_brand","embeddable":true,"href":"https:\/\/www.hirtenberg-apotheke.at\/katalog\/wp-json\/wp\/v2\/product_brand?post=37009"},{"taxonomy":"product_cat","embeddable":true,"href":"https:\/\/www.hirtenberg-apotheke.at\/katalog\/wp-json\/wp\/v2\/product_cat?post=37009"},{"taxonomy":"product_tag","embeddable":true,"href":"https:\/\/www.hirtenberg-apotheke.at\/katalog\/wp-json\/wp\/v2\/product_tag?post=37009"}],"curies":[{"name":"wp","href":"https:\/\/api.w.org\/{rel}","templated":true}]}}