{"id":37019,"date":"2025-11-25T23:40:50","date_gmt":"2025-11-25T22:40:50","guid":{"rendered":"https:\/\/www.hirtenberg-apotheke.at\/katalog\/produkt\/heumann-bronchialtee-solubifix-30-g\/"},"modified":"2025-11-25T23:41:10","modified_gmt":"2025-11-25T22:41:10","slug":"heumann-bronchialtee-solubifix-30-g","status":"publish","type":"product","link":"https:\/\/www.hirtenberg-apotheke.at\/katalog\/produkt\/heumann-bronchialtee-solubifix-30-g\/","title":{"rendered":"HEUMANN Bronchialtee SOLUBIFIX 30 g"},"content":{"rendered":"<p>Heumann Bronchialtee SOLUBIFIX\u00ae auf Basis traditioneller, pflanzlicher Kr\u00e4uter unterst\u00fctzt die Schleiml\u00f6sung und befeuchtet die Atemwege. Praktisches, tassenfertiges Teepulver zum Aufl\u00f6sen in hei\u00dfem Wasser.<\/p>\n","protected":false},"excerpt":{"rendered":"<p>Heumann Bronchialtee SOLUBIFIX\u00ae auf Basis traditioneller, pflanzlicher Kr\u00e4uter unterst\u00fctzt die Schleiml\u00f6sung und befeuchtet die Atemwege. Praktisches, tassenfertiges Teepulver zum Aufl\u00f6sen in hei\u00dfem Wasser.<\/p>\n","protected":false},"featured_media":0,"template":"","meta":{"_acf_changed":false},"product_brand":[],"product_cat":[330],"product_tag":[],"class_list":{"0":"post-37019","1":"product","2":"type-product","3":"status-publish","5":"product_cat-h","6":"pa_farbe-hellbraun","7":"pa_geschmack-anis","8":"pa_packungsgroesse-30g","10":"first","11":"instock","12":"shipping-taxable","13":"purchasable","14":"product-type-simple"},"acf":[],"_links":{"self":[{"href":"https:\/\/www.hirtenberg-apotheke.at\/katalog\/wp-json\/wp\/v2\/product\/37019","targetHints":{"allow":["GET"]}}],"collection":[{"href":"https:\/\/www.hirtenberg-apotheke.at\/katalog\/wp-json\/wp\/v2\/product"}],"about":[{"href":"https:\/\/www.hirtenberg-apotheke.at\/katalog\/wp-json\/wp\/v2\/types\/product"}],"wp:attachment":[{"href":"https:\/\/www.hirtenberg-apotheke.at\/katalog\/wp-json\/wp\/v2\/media?parent=37019"}],"wp:term":[{"taxonomy":"product_brand","embeddable":true,"href":"https:\/\/www.hirtenberg-apotheke.at\/katalog\/wp-json\/wp\/v2\/product_brand?post=37019"},{"taxonomy":"product_cat","embeddable":true,"href":"https:\/\/www.hirtenberg-apotheke.at\/katalog\/wp-json\/wp\/v2\/product_cat?post=37019"},{"taxonomy":"product_tag","embeddable":true,"href":"https:\/\/www.hirtenberg-apotheke.at\/katalog\/wp-json\/wp\/v2\/product_tag?post=37019"}],"curies":[{"name":"wp","href":"https:\/\/api.w.org\/{rel}","templated":true}]}}