{"id":37031,"date":"2025-11-25T23:41:18","date_gmt":"2025-11-25T22:41:18","guid":{"rendered":"https:\/\/www.hirtenberg-apotheke.at\/katalog\/produkt\/zistrosentee-200-g\/"},"modified":"2025-11-25T23:41:26","modified_gmt":"2025-11-25T22:41:26","slug":"zistrosentee-200-g","status":"publish","type":"product","link":"https:\/\/www.hirtenberg-apotheke.at\/katalog\/produkt\/zistrosentee-200-g\/","title":{"rendered":"Zistrosentee 200 g"},"content":{"rendered":"<p>Zistrosentee wird traditionell bei diversen gesundheitlichen Beschwerden, wie zum Beispiel bei Erk\u00e4ltungskrankheiten, eingesetzt. Au\u00dferdem kann dieses Produkt vorbeugend zur Immunst\u00e4rkung und bei Durchfall und  zur Darmentgiftung eingesetzt werden. Auch bei entz\u00fcndlichen Hauterkrankungen und Akne eignet sich dieses Produkt hervorragend.<\/p>\n","protected":false},"excerpt":{"rendered":"<p>Zistrosentee wird traditionell bei diversen gesundheitlichen Beschwerden, wie zum Beispiel bei Erk\u00e4ltungskrankheiten, eingesetzt. Au\u00dferdem kann dieses Produkt vorbeugend zur Immunst\u00e4rkung und bei Durchfall und zur Darmentgiftung eingesetzt werden. Auch bei entz\u00fcndlichen Hauterkrankungen und Akne eignet sich dieses Produkt hervorragend.<\/p>\n","protected":false},"featured_media":37033,"template":"","meta":{"_acf_changed":false},"product_brand":[],"product_cat":[325],"product_tag":[],"class_list":{"0":"post-37031","1":"product","2":"type-product","3":"status-publish","4":"has-post-thumbnail","6":"product_cat-z","7":"pa_packungsgroesse-200g","9":"first","10":"instock","11":"shipping-taxable","12":"purchasable","13":"product-type-simple"},"acf":[],"_links":{"self":[{"href":"https:\/\/www.hirtenberg-apotheke.at\/katalog\/wp-json\/wp\/v2\/product\/37031","targetHints":{"allow":["GET"]}}],"collection":[{"href":"https:\/\/www.hirtenberg-apotheke.at\/katalog\/wp-json\/wp\/v2\/product"}],"about":[{"href":"https:\/\/www.hirtenberg-apotheke.at\/katalog\/wp-json\/wp\/v2\/types\/product"}],"wp:featuredmedia":[{"embeddable":true,"href":"https:\/\/www.hirtenberg-apotheke.at\/katalog\/wp-json\/wp\/v2\/media\/37033"}],"wp:attachment":[{"href":"https:\/\/www.hirtenberg-apotheke.at\/katalog\/wp-json\/wp\/v2\/media?parent=37031"}],"wp:term":[{"taxonomy":"product_brand","embeddable":true,"href":"https:\/\/www.hirtenberg-apotheke.at\/katalog\/wp-json\/wp\/v2\/product_brand?post=37031"},{"taxonomy":"product_cat","embeddable":true,"href":"https:\/\/www.hirtenberg-apotheke.at\/katalog\/wp-json\/wp\/v2\/product_cat?post=37031"},{"taxonomy":"product_tag","embeddable":true,"href":"https:\/\/www.hirtenberg-apotheke.at\/katalog\/wp-json\/wp\/v2\/product_tag?post=37031"}],"curies":[{"name":"wp","href":"https:\/\/api.w.org\/{rel}","templated":true}]}}