{"id":37046,"date":"2025-11-25T23:41:18","date_gmt":"2025-11-25T22:41:18","guid":{"rendered":"https:\/\/www.hirtenberg-apotheke.at\/katalog\/produkt\/sonnentor-blumiger-kurkuma-tee-18-btl-bio\/"},"modified":"2025-11-25T23:41:46","modified_gmt":"2025-11-25T22:41:46","slug":"sonnentor-blumiger-kurkuma-tee-18-btl-bio","status":"publish","type":"product","link":"https:\/\/www.hirtenberg-apotheke.at\/katalog\/produkt\/sonnentor-blumiger-kurkuma-tee-18-btl-bio\/","title":{"rendered":"Sonnentor Blumiger Kurkuma Tee 18 Btl. BIO"},"content":{"rendered":"<p>Der Sonnentor Blumiger Kurkuma Tee in Beutelform (18 Stk.) befreit den Atem und schmeckt k\u00f6stlich w\u00fcrzig, s\u00fc\u00dflich und blumig. Der vielseitige Kurkuma, gemischt mit Holunder-, Linden- und Rosenbl\u00fcten, Zirtonenthymian und Kardamom ist auch als Eistee, mit frischem Zitronensaft verfeinert, eine wahre Gaumenfreude<\/p>\n","protected":false},"excerpt":{"rendered":"<p>Der Sonnentor Blumiger Kurkuma Tee in Beutelform (18 Stk.) befreit den Atem und schmeckt k\u00f6stlich w\u00fcrzig, s\u00fc\u00dflich und blumig. Der vielseitige Kurkuma, gemischt mit Holunder-, Linden- und Rosenbl\u00fcten, Zirtonenthymian und Kardamom ist auch als Eistee, mit frischem Zitronensaft verfeinert, eine wahre Gaumenfreude<\/p>\n","protected":false},"featured_media":37048,"template":"","meta":{"_acf_changed":false},"product_brand":[917],"product_cat":[303],"product_tag":[],"class_list":{"0":"post-37046","1":"product","2":"type-product","3":"status-publish","4":"has-post-thumbnail","6":"product_brand-sonnentor","7":"product_cat-s","8":"pa_packungsgroesse-18-beutel","10":"first","11":"instock","12":"shipping-taxable","13":"purchasable","14":"product-type-simple"},"acf":[],"_links":{"self":[{"href":"https:\/\/www.hirtenberg-apotheke.at\/katalog\/wp-json\/wp\/v2\/product\/37046","targetHints":{"allow":["GET"]}}],"collection":[{"href":"https:\/\/www.hirtenberg-apotheke.at\/katalog\/wp-json\/wp\/v2\/product"}],"about":[{"href":"https:\/\/www.hirtenberg-apotheke.at\/katalog\/wp-json\/wp\/v2\/types\/product"}],"wp:featuredmedia":[{"embeddable":true,"href":"https:\/\/www.hirtenberg-apotheke.at\/katalog\/wp-json\/wp\/v2\/media\/37048"}],"wp:attachment":[{"href":"https:\/\/www.hirtenberg-apotheke.at\/katalog\/wp-json\/wp\/v2\/media?parent=37046"}],"wp:term":[{"taxonomy":"product_brand","embeddable":true,"href":"https:\/\/www.hirtenberg-apotheke.at\/katalog\/wp-json\/wp\/v2\/product_brand?post=37046"},{"taxonomy":"product_cat","embeddable":true,"href":"https:\/\/www.hirtenberg-apotheke.at\/katalog\/wp-json\/wp\/v2\/product_cat?post=37046"},{"taxonomy":"product_tag","embeddable":true,"href":"https:\/\/www.hirtenberg-apotheke.at\/katalog\/wp-json\/wp\/v2\/product_tag?post=37046"}],"curies":[{"name":"wp","href":"https:\/\/api.w.org\/{rel}","templated":true}]}}