{"id":37086,"date":"2025-11-25T23:41:55","date_gmt":"2025-11-25T22:41:55","guid":{"rendered":"https:\/\/www.hirtenberg-apotheke.at\/katalog\/produkt\/tai-chi-energie-tee-ginseng-beutel\/"},"modified":"2025-11-25T23:42:16","modified_gmt":"2025-11-25T22:42:16","slug":"tai-chi-energie-tee-ginseng-beutel","status":"publish","type":"product","link":"https:\/\/www.hirtenberg-apotheke.at\/katalog\/produkt\/tai-chi-energie-tee-ginseng-beutel\/","title":{"rendered":"Tai Chi Energie-Tee + Ginseng Beutel"},"content":{"rendered":"<p>Tai Chi Energie-Tee + Ginseng Beutel: Chi steht in der traditionellen chinesischen Medizin (TCM) f\u00fcr Energie und Vitalit\u00e4t. Chi ist die treibende Kraft f\u00fcr alle Prozesse im K\u00f6rper. Ausreichend Energie und Vitalit\u00e4t, also gen\u00fcgend Chi, hat der Organismus nur dann, wenn das Chi nicht blockiert ist. Wichtige pflanzliche Substanzen der TCM zur Stimulation des Stoffwechsels sind neben Gr\u00fcnem Tee Ginseng und Ingwer. Gr\u00fcner Tee ist bekannt als wahrer Jungbrunnen. Ginseng steht f\u00fcr eine ganzheitliche St\u00e4rkung der k\u00f6rpereigenen Energie, Ingwer unterst\u00fctzt dies und hilft zu harmonisieren.<\/p>\n","protected":false},"excerpt":{"rendered":"<p>Tai Chi Energie-Tee + Ginseng Beutel: Chi steht in der traditionellen chinesischen Medizin (TCM) f\u00fcr Energie und Vitalit\u00e4t. Chi ist die treibende Kraft f\u00fcr alle Prozesse im K\u00f6rper. Ausreichend Energie und Vitalit\u00e4t, also gen\u00fcgend Chi, hat der Organismus nur dann, wenn das Chi nicht blockiert ist. Wichtige pflanzliche Substanzen der TCM zur Stimulation des Stoffwechsels [&hellip;]<\/p>\n","protected":false},"featured_media":0,"template":"","meta":{"_acf_changed":false},"product_brand":[],"product_cat":[319],"product_tag":[],"class_list":{"0":"post-37086","1":"product","2":"type-product","3":"status-publish","5":"product_cat-t","6":"pa_packungsgroesse-20-beutel","8":"first","9":"instock","10":"shipping-taxable","11":"purchasable","12":"product-type-simple"},"acf":[],"_links":{"self":[{"href":"https:\/\/www.hirtenberg-apotheke.at\/katalog\/wp-json\/wp\/v2\/product\/37086","targetHints":{"allow":["GET"]}}],"collection":[{"href":"https:\/\/www.hirtenberg-apotheke.at\/katalog\/wp-json\/wp\/v2\/product"}],"about":[{"href":"https:\/\/www.hirtenberg-apotheke.at\/katalog\/wp-json\/wp\/v2\/types\/product"}],"wp:attachment":[{"href":"https:\/\/www.hirtenberg-apotheke.at\/katalog\/wp-json\/wp\/v2\/media?parent=37086"}],"wp:term":[{"taxonomy":"product_brand","embeddable":true,"href":"https:\/\/www.hirtenberg-apotheke.at\/katalog\/wp-json\/wp\/v2\/product_brand?post=37086"},{"taxonomy":"product_cat","embeddable":true,"href":"https:\/\/www.hirtenberg-apotheke.at\/katalog\/wp-json\/wp\/v2\/product_cat?post=37086"},{"taxonomy":"product_tag","embeddable":true,"href":"https:\/\/www.hirtenberg-apotheke.at\/katalog\/wp-json\/wp\/v2\/product_tag?post=37086"}],"curies":[{"name":"wp","href":"https:\/\/api.w.org\/{rel}","templated":true}]}}