{"id":37128,"date":"2025-11-25T23:42:47","date_gmt":"2025-11-25T22:42:47","guid":{"rendered":"https:\/\/www.hirtenberg-apotheke.at\/katalog\/produkt\/gruener-hafer-tee-100-g\/"},"modified":"2025-11-25T23:42:51","modified_gmt":"2025-11-25T22:42:51","slug":"gruener-hafer-tee-100-g","status":"publish","type":"product","link":"https:\/\/www.hirtenberg-apotheke.at\/katalog\/produkt\/gruener-hafer-tee-100-g\/","title":{"rendered":"Gr\u00fcner Hafer Tee 100 g"},"content":{"rendered":"<p>Seit 2011 vertreibt Shanab Pharma hochwertige Nahrungserg\u00e4nzungsmittel und erzeugt seit einiger Zeit auch eigeneProdukte zur Steigerung von Gesundheit und Wohlbefinden. Shanab Pharma steht f\u00fcr Qualit\u00e4tsprodukte aus m\u00f6glichst nat\u00fcrlichen Rohstoffen<\/p>\n","protected":false},"excerpt":{"rendered":"<p>Seit 2011 vertreibt Shanab Pharma hochwertige Nahrungserg\u00e4nzungsmittel und erzeugt seit einiger Zeit auch eigeneProdukte zur Steigerung von Gesundheit und Wohlbefinden. Shanab Pharma steht f\u00fcr Qualit\u00e4tsprodukte aus m\u00f6glichst nat\u00fcrlichen Rohstoffen<\/p>\n","protected":false},"featured_media":37130,"template":"","meta":{"_acf_changed":false},"product_brand":[],"product_cat":[328],"product_tag":[],"class_list":{"0":"post-37128","1":"product","2":"type-product","3":"status-publish","4":"has-post-thumbnail","6":"product_cat-g","7":"pa_packungsgroesse-100g","9":"first","10":"instock","11":"shipping-taxable","12":"purchasable","13":"product-type-simple"},"acf":[],"_links":{"self":[{"href":"https:\/\/www.hirtenberg-apotheke.at\/katalog\/wp-json\/wp\/v2\/product\/37128","targetHints":{"allow":["GET"]}}],"collection":[{"href":"https:\/\/www.hirtenberg-apotheke.at\/katalog\/wp-json\/wp\/v2\/product"}],"about":[{"href":"https:\/\/www.hirtenberg-apotheke.at\/katalog\/wp-json\/wp\/v2\/types\/product"}],"wp:featuredmedia":[{"embeddable":true,"href":"https:\/\/www.hirtenberg-apotheke.at\/katalog\/wp-json\/wp\/v2\/media\/37130"}],"wp:attachment":[{"href":"https:\/\/www.hirtenberg-apotheke.at\/katalog\/wp-json\/wp\/v2\/media?parent=37128"}],"wp:term":[{"taxonomy":"product_brand","embeddable":true,"href":"https:\/\/www.hirtenberg-apotheke.at\/katalog\/wp-json\/wp\/v2\/product_brand?post=37128"},{"taxonomy":"product_cat","embeddable":true,"href":"https:\/\/www.hirtenberg-apotheke.at\/katalog\/wp-json\/wp\/v2\/product_cat?post=37128"},{"taxonomy":"product_tag","embeddable":true,"href":"https:\/\/www.hirtenberg-apotheke.at\/katalog\/wp-json\/wp\/v2\/product_tag?post=37128"}],"curies":[{"name":"wp","href":"https:\/\/api.w.org\/{rel}","templated":true}]}}