{"id":37194,"date":"2025-11-25T23:43:29","date_gmt":"2025-11-25T22:43:29","guid":{"rendered":"https:\/\/www.hirtenberg-apotheke.at\/katalog\/produkt\/dr-kottas-kaesepappeltee-20-stk\/"},"modified":"2025-11-25T23:43:54","modified_gmt":"2025-11-25T22:43:54","slug":"dr-kottas-kaesepappeltee-20-stk","status":"publish","type":"product","link":"https:\/\/www.hirtenberg-apotheke.at\/katalog\/produkt\/dr-kottas-kaesepappeltee-20-stk\/","title":{"rendered":"Dr. Kottas K\u00e4sepappeltee 20 Stk."},"content":{"rendered":"<p>Dr. Kottas K\u00e4sepappeltee ist ein traditionelles pflanzliches Arzneimittel zur Anwendung bei Schleimhautreizungen im Mund- und Rachenraum und im Magen-Darm-Trakt sowie bei Reizhusten und zur Unterst\u00fctzung der Heilung kleinfl\u00e4chiger oberfl\u00e4chlicher Hautentz\u00fcndungen.<\/p>\n","protected":false},"excerpt":{"rendered":"<p>Dr. Kottas K\u00e4sepappeltee ist ein traditionelles pflanzliches Arzneimittel zur Anwendung bei Schleimhautreizungen im Mund- und Rachenraum und im Magen-Darm-Trakt sowie bei Reizhusten und zur Unterst\u00fctzung der Heilung kleinfl\u00e4chiger oberfl\u00e4chlicher Hautentz\u00fcndungen.<\/p>\n","protected":false},"featured_media":37196,"template":"","meta":{"_acf_changed":false},"product_brand":[853],"product_cat":[295],"product_tag":[],"class_list":{"0":"post-37194","1":"product","2":"type-product","3":"status-publish","4":"has-post-thumbnail","6":"product_brand-dr-kottas","7":"product_cat-d","8":"pa_packungsgroesse-20-beutel","10":"first","11":"instock","12":"shipping-taxable","13":"purchasable","14":"product-type-simple"},"acf":[],"_links":{"self":[{"href":"https:\/\/www.hirtenberg-apotheke.at\/katalog\/wp-json\/wp\/v2\/product\/37194","targetHints":{"allow":["GET"]}}],"collection":[{"href":"https:\/\/www.hirtenberg-apotheke.at\/katalog\/wp-json\/wp\/v2\/product"}],"about":[{"href":"https:\/\/www.hirtenberg-apotheke.at\/katalog\/wp-json\/wp\/v2\/types\/product"}],"wp:featuredmedia":[{"embeddable":true,"href":"https:\/\/www.hirtenberg-apotheke.at\/katalog\/wp-json\/wp\/v2\/media\/37196"}],"wp:attachment":[{"href":"https:\/\/www.hirtenberg-apotheke.at\/katalog\/wp-json\/wp\/v2\/media?parent=37194"}],"wp:term":[{"taxonomy":"product_brand","embeddable":true,"href":"https:\/\/www.hirtenberg-apotheke.at\/katalog\/wp-json\/wp\/v2\/product_brand?post=37194"},{"taxonomy":"product_cat","embeddable":true,"href":"https:\/\/www.hirtenberg-apotheke.at\/katalog\/wp-json\/wp\/v2\/product_cat?post=37194"},{"taxonomy":"product_tag","embeddable":true,"href":"https:\/\/www.hirtenberg-apotheke.at\/katalog\/wp-json\/wp\/v2\/product_tag?post=37194"}],"curies":[{"name":"wp","href":"https:\/\/api.w.org\/{rel}","templated":true}]}}