{"id":37203,"date":"2025-11-25T23:43:29","date_gmt":"2025-11-25T22:43:29","guid":{"rendered":"https:\/\/www.hirtenberg-apotheke.at\/katalog\/produkt\/dr-kottas-husten-bronchialtee-20-stk\/"},"modified":"2025-11-25T23:43:57","modified_gmt":"2025-11-25T22:43:57","slug":"dr-kottas-husten-bronchialtee-20-stk","status":"publish","type":"product","link":"https:\/\/www.hirtenberg-apotheke.at\/katalog\/produkt\/dr-kottas-husten-bronchialtee-20-stk\/","title":{"rendered":"Dr. Kottas Husten-Bronchialtee 20 Stk."},"content":{"rendered":"<p>Dr. Kottas Husten-Bronchialtee ist ein Arzneitee mit den Wirkstoffen Spitzwegerich, Thymian und Eibischwurzel. Eibisch und Spitzwegerich enthalten Schleimstoffe, die reizlindernd wirken. Thymian ist reich an \u00e4therischem \u00d6l, das festsitzenden Schleim l\u00f6st und so das Abhusten erleichtert. Der Husten-Bronchialtee ist ein traditionelles pflanzliches Arzneimittel zur Linderung von Husten und Verschleimung im Rahmen von Erk\u00e4ltungskrankheiten.<\/p>\n","protected":false},"excerpt":{"rendered":"<p>Dr. Kottas Husten-Bronchialtee ist ein Arzneitee mit den Wirkstoffen Spitzwegerich, Thymian und Eibischwurzel. Eibisch und Spitzwegerich enthalten Schleimstoffe, die reizlindernd wirken. Thymian ist reich an \u00e4therischem \u00d6l, das festsitzenden Schleim l\u00f6st und so das Abhusten erleichtert. Der Husten-Bronchialtee ist ein traditionelles pflanzliches Arzneimittel zur Linderung von Husten und Verschleimung im Rahmen von Erk\u00e4ltungskrankheiten.<\/p>\n","protected":false},"featured_media":37205,"template":"","meta":{"_acf_changed":false},"product_brand":[853],"product_cat":[295],"product_tag":[],"class_list":{"0":"post-37203","1":"product","2":"type-product","3":"status-publish","4":"has-post-thumbnail","6":"product_brand-dr-kottas","7":"product_cat-d","8":"pa_packungsgroesse-20-beutel","10":"first","11":"instock","12":"shipping-taxable","13":"purchasable","14":"product-type-simple"},"acf":[],"_links":{"self":[{"href":"https:\/\/www.hirtenberg-apotheke.at\/katalog\/wp-json\/wp\/v2\/product\/37203","targetHints":{"allow":["GET"]}}],"collection":[{"href":"https:\/\/www.hirtenberg-apotheke.at\/katalog\/wp-json\/wp\/v2\/product"}],"about":[{"href":"https:\/\/www.hirtenberg-apotheke.at\/katalog\/wp-json\/wp\/v2\/types\/product"}],"wp:featuredmedia":[{"embeddable":true,"href":"https:\/\/www.hirtenberg-apotheke.at\/katalog\/wp-json\/wp\/v2\/media\/37205"}],"wp:attachment":[{"href":"https:\/\/www.hirtenberg-apotheke.at\/katalog\/wp-json\/wp\/v2\/media?parent=37203"}],"wp:term":[{"taxonomy":"product_brand","embeddable":true,"href":"https:\/\/www.hirtenberg-apotheke.at\/katalog\/wp-json\/wp\/v2\/product_brand?post=37203"},{"taxonomy":"product_cat","embeddable":true,"href":"https:\/\/www.hirtenberg-apotheke.at\/katalog\/wp-json\/wp\/v2\/product_cat?post=37203"},{"taxonomy":"product_tag","embeddable":true,"href":"https:\/\/www.hirtenberg-apotheke.at\/katalog\/wp-json\/wp\/v2\/product_tag?post=37203"}],"curies":[{"name":"wp","href":"https:\/\/api.w.org\/{rel}","templated":true}]}}