{"id":37215,"date":"2025-11-25T23:44:00","date_gmt":"2025-11-25T22:44:00","guid":{"rendered":"https:\/\/www.hirtenberg-apotheke.at\/katalog\/produkt\/dr-kottas-nerven-schlaftee-20-stk\/"},"modified":"2025-11-25T23:44:13","modified_gmt":"2025-11-25T22:44:13","slug":"dr-kottas-nerven-schlaftee-20-stk","status":"publish","type":"product","link":"https:\/\/www.hirtenberg-apotheke.at\/katalog\/produkt\/dr-kottas-nerven-schlaftee-20-stk\/","title":{"rendered":"Dr. Kottas Nerven-Schlaftee 20 Stk."},"content":{"rendered":"<p>Dr. Kottas Nerven-Schlaftee ist ein traditionelles pflanzliches Arzneimittel zur Anwendung bei milden nerv\u00f6s bedingten Unruhezust\u00e4nden, leichten Stresssymptomen und Einschlafst\u00f6rungen. Der Arzneitee mit den Wirkstoffen Baldrianwurzel und Melissenbl\u00e4tter. Baldrianwurzel ist entspannend und schlaff\u00f6rdernd, Melissenbl\u00e4tter wirken beruhigend.<\/p>\n","protected":false},"excerpt":{"rendered":"<p>Dr. Kottas Nerven-Schlaftee ist ein traditionelles pflanzliches Arzneimittel zur Anwendung bei milden nerv\u00f6s bedingten Unruhezust\u00e4nden, leichten Stresssymptomen und Einschlafst\u00f6rungen. Der Arzneitee mit den Wirkstoffen Baldrianwurzel und Melissenbl\u00e4tter. Baldrianwurzel ist entspannend und schlaff\u00f6rdernd, Melissenbl\u00e4tter wirken beruhigend.<\/p>\n","protected":false},"featured_media":0,"template":"","meta":{"_acf_changed":false},"product_brand":[853],"product_cat":[295],"product_tag":[],"class_list":{"0":"post-37215","1":"product","2":"type-product","3":"status-publish","5":"product_brand-dr-kottas","6":"product_cat-d","7":"pa_packungsgroesse-20-beutel","9":"first","10":"instock","11":"shipping-taxable","12":"purchasable","13":"product-type-simple"},"acf":[],"_links":{"self":[{"href":"https:\/\/www.hirtenberg-apotheke.at\/katalog\/wp-json\/wp\/v2\/product\/37215","targetHints":{"allow":["GET"]}}],"collection":[{"href":"https:\/\/www.hirtenberg-apotheke.at\/katalog\/wp-json\/wp\/v2\/product"}],"about":[{"href":"https:\/\/www.hirtenberg-apotheke.at\/katalog\/wp-json\/wp\/v2\/types\/product"}],"wp:attachment":[{"href":"https:\/\/www.hirtenberg-apotheke.at\/katalog\/wp-json\/wp\/v2\/media?parent=37215"}],"wp:term":[{"taxonomy":"product_brand","embeddable":true,"href":"https:\/\/www.hirtenberg-apotheke.at\/katalog\/wp-json\/wp\/v2\/product_brand?post=37215"},{"taxonomy":"product_cat","embeddable":true,"href":"https:\/\/www.hirtenberg-apotheke.at\/katalog\/wp-json\/wp\/v2\/product_cat?post=37215"},{"taxonomy":"product_tag","embeddable":true,"href":"https:\/\/www.hirtenberg-apotheke.at\/katalog\/wp-json\/wp\/v2\/product_tag?post=37215"}],"curies":[{"name":"wp","href":"https:\/\/api.w.org\/{rel}","templated":true}]}}