{"id":37219,"date":"2025-11-25T23:44:00","date_gmt":"2025-11-25T22:44:00","guid":{"rendered":"https:\/\/www.hirtenberg-apotheke.at\/katalog\/produkt\/dr-kottas-kamillenbluetentee-20-stk\/"},"modified":"2025-11-25T23:44:19","modified_gmt":"2025-11-25T22:44:19","slug":"dr-kottas-kamillenbluetentee-20-stk","status":"publish","type":"product","link":"https:\/\/www.hirtenberg-apotheke.at\/katalog\/produkt\/dr-kottas-kamillenbluetentee-20-stk\/","title":{"rendered":"Dr. Kottas Kamillenbl\u00fctentee 20 Stk."},"content":{"rendered":"<p>Dr. Kottas Kamillenbl\u00fctentee ist ein traditionelles pflanzliches Arzneimittel zur Anwendung bei Kr\u00e4mpfen und entz\u00fcndlichen Erkrankungen im Magen-Darm-Bereich, bei leichten Entz\u00fcndungen der Mund- und Rachenschleimhaut, bei leichten Reizungen der oberen Luftwege, zur Unterst\u00fctzung der Heilung kleinfl\u00e4chiger oberfl\u00e4chlicher Hautentz\u00fcndungen und als unterst\u00fctzende Ma\u00dfnahme bei Erkrankungen im Anal- (Analfissuren, H\u00e4morrhoiden) und Genitalbereich.<\/p>\n","protected":false},"excerpt":{"rendered":"<p>Dr. Kottas Kamillenbl\u00fctentee ist ein traditionelles pflanzliches Arzneimittel zur Anwendung bei Kr\u00e4mpfen und entz\u00fcndlichen Erkrankungen im Magen-Darm-Bereich, bei leichten Entz\u00fcndungen der Mund- und Rachenschleimhaut, bei leichten Reizungen der oberen Luftwege, zur Unterst\u00fctzung der Heilung kleinfl\u00e4chiger oberfl\u00e4chlicher Hautentz\u00fcndungen und als unterst\u00fctzende Ma\u00dfnahme bei Erkrankungen im Anal- (Analfissuren, H\u00e4morrhoiden) und Genitalbereich.<\/p>\n","protected":false},"featured_media":0,"template":"","meta":{"_acf_changed":false},"product_brand":[853],"product_cat":[295],"product_tag":[],"class_list":{"0":"post-37219","1":"product","2":"type-product","3":"status-publish","5":"product_brand-dr-kottas","6":"product_cat-d","7":"pa_packungsgroesse-20-beutel","9":"first","10":"instock","11":"shipping-taxable","12":"purchasable","13":"product-type-simple"},"acf":[],"_links":{"self":[{"href":"https:\/\/www.hirtenberg-apotheke.at\/katalog\/wp-json\/wp\/v2\/product\/37219","targetHints":{"allow":["GET"]}}],"collection":[{"href":"https:\/\/www.hirtenberg-apotheke.at\/katalog\/wp-json\/wp\/v2\/product"}],"about":[{"href":"https:\/\/www.hirtenberg-apotheke.at\/katalog\/wp-json\/wp\/v2\/types\/product"}],"wp:attachment":[{"href":"https:\/\/www.hirtenberg-apotheke.at\/katalog\/wp-json\/wp\/v2\/media?parent=37219"}],"wp:term":[{"taxonomy":"product_brand","embeddable":true,"href":"https:\/\/www.hirtenberg-apotheke.at\/katalog\/wp-json\/wp\/v2\/product_brand?post=37219"},{"taxonomy":"product_cat","embeddable":true,"href":"https:\/\/www.hirtenberg-apotheke.at\/katalog\/wp-json\/wp\/v2\/product_cat?post=37219"},{"taxonomy":"product_tag","embeddable":true,"href":"https:\/\/www.hirtenberg-apotheke.at\/katalog\/wp-json\/wp\/v2\/product_tag?post=37219"}],"curies":[{"name":"wp","href":"https:\/\/api.w.org\/{rel}","templated":true}]}}