{"id":37227,"date":"2025-11-25T23:44:00","date_gmt":"2025-11-25T22:44:00","guid":{"rendered":"https:\/\/www.hirtenberg-apotheke.at\/katalog\/produkt\/dr-kottas-thymiantee-20-stk\/"},"modified":"2025-11-25T23:44:31","modified_gmt":"2025-11-25T22:44:31","slug":"dr-kottas-thymiantee-20-stk","status":"publish","type":"product","link":"https:\/\/www.hirtenberg-apotheke.at\/katalog\/produkt\/dr-kottas-thymiantee-20-stk\/","title":{"rendered":"Dr. Kottas Thymiantee 20 Stk."},"content":{"rendered":"<p>Dr. Kottas Thymiantee ist ein Arzneitee mit der Kombination aus Thymian, Spitzwegerichbl\u00e4tter und Eukalyptusbl\u00e4tter. Er lindert die typischen Halsbeschwerden und l\u00e4sst wieder frei durchatmen.<\/p>\n","protected":false},"excerpt":{"rendered":"<p>Dr. Kottas Thymiantee ist ein Arzneitee mit der Kombination aus Thymian, Spitzwegerichbl\u00e4tter und Eukalyptusbl\u00e4tter. Er lindert die typischen Halsbeschwerden und l\u00e4sst wieder frei durchatmen.<\/p>\n","protected":false},"featured_media":0,"template":"","meta":{"_acf_changed":false},"product_brand":[853],"product_cat":[295],"product_tag":[],"class_list":{"0":"post-37227","1":"product","2":"type-product","3":"status-publish","5":"product_brand-dr-kottas","6":"product_cat-d","7":"pa_packungsgroesse-20-beutel","9":"first","10":"instock","11":"shipping-taxable","12":"purchasable","13":"product-type-simple"},"acf":[],"_links":{"self":[{"href":"https:\/\/www.hirtenberg-apotheke.at\/katalog\/wp-json\/wp\/v2\/product\/37227","targetHints":{"allow":["GET"]}}],"collection":[{"href":"https:\/\/www.hirtenberg-apotheke.at\/katalog\/wp-json\/wp\/v2\/product"}],"about":[{"href":"https:\/\/www.hirtenberg-apotheke.at\/katalog\/wp-json\/wp\/v2\/types\/product"}],"wp:attachment":[{"href":"https:\/\/www.hirtenberg-apotheke.at\/katalog\/wp-json\/wp\/v2\/media?parent=37227"}],"wp:term":[{"taxonomy":"product_brand","embeddable":true,"href":"https:\/\/www.hirtenberg-apotheke.at\/katalog\/wp-json\/wp\/v2\/product_brand?post=37227"},{"taxonomy":"product_cat","embeddable":true,"href":"https:\/\/www.hirtenberg-apotheke.at\/katalog\/wp-json\/wp\/v2\/product_cat?post=37227"},{"taxonomy":"product_tag","embeddable":true,"href":"https:\/\/www.hirtenberg-apotheke.at\/katalog\/wp-json\/wp\/v2\/product_tag?post=37227"}],"curies":[{"name":"wp","href":"https:\/\/api.w.org\/{rel}","templated":true}]}}