{"id":37235,"date":"2025-11-25T23:44:31","date_gmt":"2025-11-25T22:44:31","guid":{"rendered":"https:\/\/www.hirtenberg-apotheke.at\/katalog\/produkt\/dr-kottas-lindenbluetentee-20-stk\/"},"modified":"2025-11-25T23:44:43","modified_gmt":"2025-11-25T22:44:43","slug":"dr-kottas-lindenbluetentee-20-stk","status":"publish","type":"product","link":"https:\/\/www.hirtenberg-apotheke.at\/katalog\/produkt\/dr-kottas-lindenbluetentee-20-stk\/","title":{"rendered":"Dr. Kottas Lindenbl\u00fctentee 20 Stk."},"content":{"rendered":"<p>Dr. Kottas Lindenbl\u00fctentee ist ein pflanzliches Arzneimittel zur Anwendung bei ersten Symptomen von fieberhaften Erk\u00e4ltungskrankheiten. Er wirkt entz\u00fcndungshemmend, krampfl\u00f6send,schmerzstillend und Immunsystem verst\u00e4rkend<\/p>\n","protected":false},"excerpt":{"rendered":"<p>Dr. Kottas Lindenbl\u00fctentee ist ein pflanzliches Arzneimittel zur Anwendung bei ersten Symptomen von fieberhaften Erk\u00e4ltungskrankheiten. Er wirkt entz\u00fcndungshemmend, krampfl\u00f6send,schmerzstillend und Immunsystem verst\u00e4rkend<\/p>\n","protected":false},"featured_media":0,"template":"","meta":{"_acf_changed":false},"product_brand":[853],"product_cat":[295],"product_tag":[],"class_list":{"0":"post-37235","1":"product","2":"type-product","3":"status-publish","5":"product_brand-dr-kottas","6":"product_cat-d","7":"pa_packungsgroesse-20-beutel","9":"first","10":"instock","11":"shipping-taxable","12":"purchasable","13":"product-type-simple"},"acf":[],"_links":{"self":[{"href":"https:\/\/www.hirtenberg-apotheke.at\/katalog\/wp-json\/wp\/v2\/product\/37235","targetHints":{"allow":["GET"]}}],"collection":[{"href":"https:\/\/www.hirtenberg-apotheke.at\/katalog\/wp-json\/wp\/v2\/product"}],"about":[{"href":"https:\/\/www.hirtenberg-apotheke.at\/katalog\/wp-json\/wp\/v2\/types\/product"}],"wp:attachment":[{"href":"https:\/\/www.hirtenberg-apotheke.at\/katalog\/wp-json\/wp\/v2\/media?parent=37235"}],"wp:term":[{"taxonomy":"product_brand","embeddable":true,"href":"https:\/\/www.hirtenberg-apotheke.at\/katalog\/wp-json\/wp\/v2\/product_brand?post=37235"},{"taxonomy":"product_cat","embeddable":true,"href":"https:\/\/www.hirtenberg-apotheke.at\/katalog\/wp-json\/wp\/v2\/product_cat?post=37235"},{"taxonomy":"product_tag","embeddable":true,"href":"https:\/\/www.hirtenberg-apotheke.at\/katalog\/wp-json\/wp\/v2\/product_tag?post=37235"}],"curies":[{"name":"wp","href":"https:\/\/api.w.org\/{rel}","templated":true}]}}