{"id":37281,"date":"2025-11-25T23:45:33","date_gmt":"2025-11-25T22:45:33","guid":{"rendered":"https:\/\/www.hirtenberg-apotheke.at\/katalog\/produkt\/dr-kottas-tee-passionsblume-20-stk\/"},"modified":"2025-11-25T23:45:50","modified_gmt":"2025-11-25T22:45:50","slug":"dr-kottas-tee-passionsblume-20-stk","status":"publish","type":"product","link":"https:\/\/www.hirtenberg-apotheke.at\/katalog\/produkt\/dr-kottas-tee-passionsblume-20-stk\/","title":{"rendered":"Dr. Kottas Tee Passionsblume 20 Stk."},"content":{"rendered":"<p>Dr. Kottas Tee Passionsblume 20 Stk. ist ein traditionelles pflanzliches Arzneimittel zur Linderung leichter Symptome von Stress, nerv\u00f6ser Unruhe und zur Unterst\u00fctzung des Ein- und Durchschlafens. Das \u00f6sterreichische Familienunternehmen Dr. Kottas wurde 1795 gegr\u00fcndet und besch\u00e4ftigt sich seit 8 Generationen mit der Anwendung und Verarbeitung von Kr\u00e4utern, basieren auf dem Wissen der alpenl\u00e4ndischen Kr\u00e4utertradition. Das Sortiment umfasst die in Europa gebr\u00e4ulichsten Heilkr\u00e4uter, die zum gro\u00dfen Teil aus Wildsammlungen stammen. Das Unternehmen Dr. Kottas setzen f\u00fcr ihre Arzneispezialit\u00e4ten m\u00f6glichst Kr\u00e4uter aus \u00f6sterreichischer Herkunft ein, haben aber auch gute und lange Handelsbeziehungen zu vielen Kr\u00e4uteranbaubetrieben weltweit.<\/p>\n","protected":false},"excerpt":{"rendered":"<p>Dr. Kottas Tee Passionsblume 20 Stk. ist ein traditionelles pflanzliches Arzneimittel zur Linderung leichter Symptome von Stress, nerv\u00f6ser Unruhe und zur Unterst\u00fctzung des Ein- und Durchschlafens. Das \u00f6sterreichische Familienunternehmen Dr. Kottas wurde 1795 gegr\u00fcndet und besch\u00e4ftigt sich seit 8 Generationen mit der Anwendung und Verarbeitung von Kr\u00e4utern, basieren auf dem Wissen der alpenl\u00e4ndischen Kr\u00e4utertradition. Das [&hellip;]<\/p>\n","protected":false},"featured_media":0,"template":"","meta":{"_acf_changed":false},"product_brand":[853],"product_cat":[295],"product_tag":[],"class_list":{"0":"post-37281","1":"product","2":"type-product","3":"status-publish","5":"product_brand-dr-kottas","6":"product_cat-d","7":"pa_packungsgroesse-20-beutel","9":"first","10":"instock","11":"shipping-taxable","12":"purchasable","13":"product-type-simple"},"acf":[],"_links":{"self":[{"href":"https:\/\/www.hirtenberg-apotheke.at\/katalog\/wp-json\/wp\/v2\/product\/37281","targetHints":{"allow":["GET"]}}],"collection":[{"href":"https:\/\/www.hirtenberg-apotheke.at\/katalog\/wp-json\/wp\/v2\/product"}],"about":[{"href":"https:\/\/www.hirtenberg-apotheke.at\/katalog\/wp-json\/wp\/v2\/types\/product"}],"wp:attachment":[{"href":"https:\/\/www.hirtenberg-apotheke.at\/katalog\/wp-json\/wp\/v2\/media?parent=37281"}],"wp:term":[{"taxonomy":"product_brand","embeddable":true,"href":"https:\/\/www.hirtenberg-apotheke.at\/katalog\/wp-json\/wp\/v2\/product_brand?post=37281"},{"taxonomy":"product_cat","embeddable":true,"href":"https:\/\/www.hirtenberg-apotheke.at\/katalog\/wp-json\/wp\/v2\/product_cat?post=37281"},{"taxonomy":"product_tag","embeddable":true,"href":"https:\/\/www.hirtenberg-apotheke.at\/katalog\/wp-json\/wp\/v2\/product_tag?post=37281"}],"curies":[{"name":"wp","href":"https:\/\/api.w.org\/{rel}","templated":true}]}}