{"id":37305,"date":"2025-11-25T23:46:07","date_gmt":"2025-11-25T22:46:07","guid":{"rendered":"https:\/\/www.hirtenberg-apotheke.at\/katalog\/produkt\/dr-kottas-tee-bio-20-btl-suesse-traeume\/"},"modified":"2025-11-25T23:46:28","modified_gmt":"2025-11-25T22:46:28","slug":"dr-kottas-tee-bio-20-btl-suesse-traeume","status":"publish","type":"product","link":"https:\/\/www.hirtenberg-apotheke.at\/katalog\/produkt\/dr-kottas-tee-bio-20-btl-suesse-traeume\/","title":{"rendered":"Dr. Kottas Tee Bio 20 Btl. S\u00fc\u00dfe Tr\u00e4ume"},"content":{"rendered":"<p>Dr. Kottas Tee Bio 20 Btl. S\u00fc\u00dfe Tr\u00e4ume BIO-Tee schmeckt Kindern und enth\u00e4lt eine wahre Vielzahl an Kr\u00e4utern, die nach alter Volkstradition zur Entspannung, Ein- und Durchschlaff\u00f6rderung verwendet werden. Kottas Pharma ist ein \u00f6sterreichisches Familienunternehmen, wurde 1795 gegr\u00fcndet und besch\u00e4ftigt sich seit 8 Generationen mit der Anwendung und Verarbeitung von Kr\u00e4utern, basieren auf dem Wissen unserer alpenl\u00e4ndischen Kr\u00e4utertradition.<\/p>\n","protected":false},"excerpt":{"rendered":"<p>Dr. Kottas Tee Bio 20 Btl. S\u00fc\u00dfe Tr\u00e4ume BIO-Tee schmeckt Kindern und enth\u00e4lt eine wahre Vielzahl an Kr\u00e4utern, die nach alter Volkstradition zur Entspannung, Ein- und Durchschlaff\u00f6rderung verwendet werden. Kottas Pharma ist ein \u00f6sterreichisches Familienunternehmen, wurde 1795 gegr\u00fcndet und besch\u00e4ftigt sich seit 8 Generationen mit der Anwendung und Verarbeitung von Kr\u00e4utern, basieren auf dem Wissen [&hellip;]<\/p>\n","protected":false},"featured_media":0,"template":"","meta":{"_acf_changed":false},"product_brand":[853],"product_cat":[295],"product_tag":[],"class_list":{"0":"post-37305","1":"product","2":"type-product","3":"status-publish","5":"product_brand-dr-kottas","6":"product_cat-d","7":"pa_packungsgroesse-20-beutel","9":"first","10":"instock","11":"shipping-taxable","12":"purchasable","13":"product-type-simple"},"acf":[],"_links":{"self":[{"href":"https:\/\/www.hirtenberg-apotheke.at\/katalog\/wp-json\/wp\/v2\/product\/37305","targetHints":{"allow":["GET"]}}],"collection":[{"href":"https:\/\/www.hirtenberg-apotheke.at\/katalog\/wp-json\/wp\/v2\/product"}],"about":[{"href":"https:\/\/www.hirtenberg-apotheke.at\/katalog\/wp-json\/wp\/v2\/types\/product"}],"wp:attachment":[{"href":"https:\/\/www.hirtenberg-apotheke.at\/katalog\/wp-json\/wp\/v2\/media?parent=37305"}],"wp:term":[{"taxonomy":"product_brand","embeddable":true,"href":"https:\/\/www.hirtenberg-apotheke.at\/katalog\/wp-json\/wp\/v2\/product_brand?post=37305"},{"taxonomy":"product_cat","embeddable":true,"href":"https:\/\/www.hirtenberg-apotheke.at\/katalog\/wp-json\/wp\/v2\/product_cat?post=37305"},{"taxonomy":"product_tag","embeddable":true,"href":"https:\/\/www.hirtenberg-apotheke.at\/katalog\/wp-json\/wp\/v2\/product_tag?post=37305"}],"curies":[{"name":"wp","href":"https:\/\/api.w.org\/{rel}","templated":true}]}}