{"id":37307,"date":"2025-11-25T23:46:07","date_gmt":"2025-11-25T22:46:07","guid":{"rendered":"https:\/\/www.hirtenberg-apotheke.at\/katalog\/produkt\/dr-kottas-tee-wild-kiss-20stk\/"},"modified":"2025-11-25T23:46:31","modified_gmt":"2025-11-25T22:46:31","slug":"dr-kottas-tee-wild-kiss-20stk","status":"publish","type":"product","link":"https:\/\/www.hirtenberg-apotheke.at\/katalog\/produkt\/dr-kottas-tee-wild-kiss-20stk\/","title":{"rendered":"Dr. Kottas Tee Wild Kiss 20Stk."},"content":{"rendered":"<p>Dr. Kottas Tee Wild Kiss 20Stk. bezaubert mit dem frischen Geschmack schwarzer Johannisbeeren und anderer Waldfr\u00fcchte. Wertvolle Vitamine machen diesen Fr\u00fcchtetee zum kulinarischen und gesunden Waldspaziergang innerhalb der Dr. Kottas Teespezialit\u00e4ten. Wie frisch aus dem Wald &#8211; herrlich beerig schmeckender Fr\u00fcchtetee.Die Fr\u00fcchteteemischung ist in 20 Doppelkammerfilterbeuteln zu 1,8 g abgepackt, gebrauchsfertig dosiert, inhaltsstoff- und aromagesch\u00fctzt.<\/p>\n","protected":false},"excerpt":{"rendered":"<p>Dr. Kottas Tee Wild Kiss 20Stk. bezaubert mit dem frischen Geschmack schwarzer Johannisbeeren und anderer Waldfr\u00fcchte. Wertvolle Vitamine machen diesen Fr\u00fcchtetee zum kulinarischen und gesunden Waldspaziergang innerhalb der Dr. Kottas Teespezialit\u00e4ten. Wie frisch aus dem Wald &#8211; herrlich beerig schmeckender Fr\u00fcchtetee.Die Fr\u00fcchteteemischung ist in 20 Doppelkammerfilterbeuteln zu 1,8 g abgepackt, gebrauchsfertig dosiert, inhaltsstoff- und aromagesch\u00fctzt.<\/p>\n","protected":false},"featured_media":0,"template":"","meta":{"_acf_changed":false},"product_brand":[853],"product_cat":[295],"product_tag":[],"class_list":{"0":"post-37307","1":"product","2":"type-product","3":"status-publish","5":"product_brand-dr-kottas","6":"product_cat-d","7":"pa_packungsgroesse-20-beutel","9":"first","10":"instock","11":"shipping-taxable","12":"purchasable","13":"product-type-simple"},"acf":[],"_links":{"self":[{"href":"https:\/\/www.hirtenberg-apotheke.at\/katalog\/wp-json\/wp\/v2\/product\/37307","targetHints":{"allow":["GET"]}}],"collection":[{"href":"https:\/\/www.hirtenberg-apotheke.at\/katalog\/wp-json\/wp\/v2\/product"}],"about":[{"href":"https:\/\/www.hirtenberg-apotheke.at\/katalog\/wp-json\/wp\/v2\/types\/product"}],"wp:attachment":[{"href":"https:\/\/www.hirtenberg-apotheke.at\/katalog\/wp-json\/wp\/v2\/media?parent=37307"}],"wp:term":[{"taxonomy":"product_brand","embeddable":true,"href":"https:\/\/www.hirtenberg-apotheke.at\/katalog\/wp-json\/wp\/v2\/product_brand?post=37307"},{"taxonomy":"product_cat","embeddable":true,"href":"https:\/\/www.hirtenberg-apotheke.at\/katalog\/wp-json\/wp\/v2\/product_cat?post=37307"},{"taxonomy":"product_tag","embeddable":true,"href":"https:\/\/www.hirtenberg-apotheke.at\/katalog\/wp-json\/wp\/v2\/product_tag?post=37307"}],"curies":[{"name":"wp","href":"https:\/\/api.w.org\/{rel}","templated":true}]}}