{"id":37315,"date":"2025-11-25T23:46:38","date_gmt":"2025-11-25T22:46:38","guid":{"rendered":"https:\/\/www.hirtenberg-apotheke.at\/katalog\/produkt\/dr-kottas-tee-tropic-feel-20stk\/"},"modified":"2025-11-25T23:46:45","modified_gmt":"2025-11-25T22:46:45","slug":"dr-kottas-tee-tropic-feel-20stk","status":"publish","type":"product","link":"https:\/\/www.hirtenberg-apotheke.at\/katalog\/produkt\/dr-kottas-tee-tropic-feel-20stk\/","title":{"rendered":"Dr. Kottas Tee Tropic Feel 20Stk."},"content":{"rendered":"<p>Dr. Kottas Tee Tropic Feel 20Stk. ist Urlaub in der Tasse. Der erfrischende, exotische Geschmack dieses Fr\u00fcchtetees nimmt Sie mit auf eine kleine Urlaubsreise mitten im Alltag. Gleichzeitig st\u00e4rken Sie beim Genuss von Dr. Kottas Fr\u00fcchtekorb Tropic Ihr Immunsystem mit lebenswichtigen Vitaminen. K\u00f6stlich-exotisch und reich an Vitaminen &#8211; tropisch schmeckender Fr\u00fcchtetee.Die Fr\u00fcchteteemischung ist in 20 Doppelkammerfilterbeuteln zu 1,8 g abgepackt, gebrauchsfertig dosiert, inhaltsstoff- und aromagesch\u00fctzt.<\/p>\n","protected":false},"excerpt":{"rendered":"<p>Dr. Kottas Tee Tropic Feel 20Stk. ist Urlaub in der Tasse. Der erfrischende, exotische Geschmack dieses Fr\u00fcchtetees nimmt Sie mit auf eine kleine Urlaubsreise mitten im Alltag. Gleichzeitig st\u00e4rken Sie beim Genuss von Dr. Kottas Fr\u00fcchtekorb Tropic Ihr Immunsystem mit lebenswichtigen Vitaminen. K\u00f6stlich-exotisch und reich an Vitaminen &#8211; tropisch schmeckender Fr\u00fcchtetee.Die Fr\u00fcchteteemischung ist in 20 [&hellip;]<\/p>\n","protected":false},"featured_media":0,"template":"","meta":{"_acf_changed":false},"product_brand":[853],"product_cat":[295],"product_tag":[],"class_list":{"0":"post-37315","1":"product","2":"type-product","3":"status-publish","5":"product_brand-dr-kottas","6":"product_cat-d","7":"pa_packungsgroesse-20-beutel","9":"first","10":"instock","11":"shipping-taxable","12":"purchasable","13":"product-type-simple"},"acf":[],"_links":{"self":[{"href":"https:\/\/www.hirtenberg-apotheke.at\/katalog\/wp-json\/wp\/v2\/product\/37315","targetHints":{"allow":["GET"]}}],"collection":[{"href":"https:\/\/www.hirtenberg-apotheke.at\/katalog\/wp-json\/wp\/v2\/product"}],"about":[{"href":"https:\/\/www.hirtenberg-apotheke.at\/katalog\/wp-json\/wp\/v2\/types\/product"}],"wp:attachment":[{"href":"https:\/\/www.hirtenberg-apotheke.at\/katalog\/wp-json\/wp\/v2\/media?parent=37315"}],"wp:term":[{"taxonomy":"product_brand","embeddable":true,"href":"https:\/\/www.hirtenberg-apotheke.at\/katalog\/wp-json\/wp\/v2\/product_brand?post=37315"},{"taxonomy":"product_cat","embeddable":true,"href":"https:\/\/www.hirtenberg-apotheke.at\/katalog\/wp-json\/wp\/v2\/product_cat?post=37315"},{"taxonomy":"product_tag","embeddable":true,"href":"https:\/\/www.hirtenberg-apotheke.at\/katalog\/wp-json\/wp\/v2\/product_tag?post=37315"}],"curies":[{"name":"wp","href":"https:\/\/api.w.org\/{rel}","templated":true}]}}