{"id":37353,"date":"2025-11-25T23:47:10","date_gmt":"2025-11-25T22:47:10","guid":{"rendered":"https:\/\/www.hirtenberg-apotheke.at\/katalog\/produkt\/sidroga-tee-fenchel-anis-kuemmel-20-stk\/"},"modified":"2025-11-25T23:47:48","modified_gmt":"2025-11-25T22:47:48","slug":"sidroga-tee-fenchel-anis-kuemmel-20-stk","status":"publish","type":"product","link":"https:\/\/www.hirtenberg-apotheke.at\/katalog\/produkt\/sidroga-tee-fenchel-anis-kuemmel-20-stk\/","title":{"rendered":"Sidroga Tee Fenchel Anis K\u00fcmmel 20 Stk."},"content":{"rendered":"<p>Sidroga Fenchel-Anis-K\u00fcmmel ist ein pflanzliches Arzneimittel bei Magen-Darm-Beschwerden. Sidroga Fenchel-Anis-K\u00fcmmel wird angewendet bei Magen-Darm-Beschwerden wie V\u00f6llegef\u00fchl, Bl\u00e4hungen und leichten krampfartigen Magen-Darm-St\u00f6rungen sowie bei nerv\u00f6sen Herz-Magen-Beschwerden..<\/p>\n","protected":false},"excerpt":{"rendered":"<p>Sidroga Fenchel-Anis-K\u00fcmmel ist ein pflanzliches Arzneimittel bei Magen-Darm-Beschwerden. Sidroga Fenchel-Anis-K\u00fcmmel wird angewendet bei Magen-Darm-Beschwerden wie V\u00f6llegef\u00fchl, Bl\u00e4hungen und leichten krampfartigen Magen-Darm-St\u00f6rungen sowie bei nerv\u00f6sen Herz-Magen-Beschwerden..<\/p>\n","protected":false},"featured_media":37355,"template":"","meta":{"_acf_changed":false},"product_brand":[1030],"product_cat":[303],"product_tag":[],"class_list":{"0":"post-37353","1":"product","2":"type-product","3":"status-publish","4":"has-post-thumbnail","6":"product_brand-sidroga","7":"product_cat-s","8":"pa_packungsgroesse-20-beutel","10":"first","11":"instock","12":"shipping-taxable","13":"purchasable","14":"product-type-simple"},"acf":[],"_links":{"self":[{"href":"https:\/\/www.hirtenberg-apotheke.at\/katalog\/wp-json\/wp\/v2\/product\/37353","targetHints":{"allow":["GET"]}}],"collection":[{"href":"https:\/\/www.hirtenberg-apotheke.at\/katalog\/wp-json\/wp\/v2\/product"}],"about":[{"href":"https:\/\/www.hirtenberg-apotheke.at\/katalog\/wp-json\/wp\/v2\/types\/product"}],"wp:featuredmedia":[{"embeddable":true,"href":"https:\/\/www.hirtenberg-apotheke.at\/katalog\/wp-json\/wp\/v2\/media\/37355"}],"wp:attachment":[{"href":"https:\/\/www.hirtenberg-apotheke.at\/katalog\/wp-json\/wp\/v2\/media?parent=37353"}],"wp:term":[{"taxonomy":"product_brand","embeddable":true,"href":"https:\/\/www.hirtenberg-apotheke.at\/katalog\/wp-json\/wp\/v2\/product_brand?post=37353"},{"taxonomy":"product_cat","embeddable":true,"href":"https:\/\/www.hirtenberg-apotheke.at\/katalog\/wp-json\/wp\/v2\/product_cat?post=37353"},{"taxonomy":"product_tag","embeddable":true,"href":"https:\/\/www.hirtenberg-apotheke.at\/katalog\/wp-json\/wp\/v2\/product_tag?post=37353"}],"curies":[{"name":"wp","href":"https:\/\/api.w.org\/{rel}","templated":true}]}}