{"id":37366,"date":"2025-11-25T23:47:55","date_gmt":"2025-11-25T22:47:55","guid":{"rendered":"https:\/\/www.hirtenberg-apotheke.at\/katalog\/produkt\/sidroga-wellness-entschlackungstee-20-stk\/"},"modified":"2025-11-25T23:48:07","modified_gmt":"2025-11-25T22:48:07","slug":"sidroga-wellness-entschlackungstee-20-stk","status":"publish","type":"product","link":"https:\/\/www.hirtenberg-apotheke.at\/katalog\/produkt\/sidroga-wellness-entschlackungstee-20-stk\/","title":{"rendered":"Sidroga Wellness Entschlackungstee 20 Stk."},"content":{"rendered":"<p>Sidroga\u00ae Wellness Entschlackungstee ist eine wohlschmeckende Kr\u00e4uterteemischung. Durch seine entschlackende Wirkung tr\u00e4gt er zur Erh\u00f6hung des k\u00f6rperlichen Wohlgef\u00fchls bei.<\/p>\n","protected":false},"excerpt":{"rendered":"<p>Sidroga\u00ae Wellness Entschlackungstee ist eine wohlschmeckende Kr\u00e4uterteemischung. Durch seine entschlackende Wirkung tr\u00e4gt er zur Erh\u00f6hung des k\u00f6rperlichen Wohlgef\u00fchls bei.<\/p>\n","protected":false},"featured_media":37368,"template":"","meta":{"_acf_changed":false},"product_brand":[1030],"product_cat":[303],"product_tag":[],"class_list":{"0":"post-37366","1":"product","2":"type-product","3":"status-publish","4":"has-post-thumbnail","6":"product_brand-sidroga","7":"product_cat-s","8":"pa_packungsgroesse-20-beutel","10":"first","11":"instock","12":"shipping-taxable","13":"purchasable","14":"product-type-simple"},"acf":[],"_links":{"self":[{"href":"https:\/\/www.hirtenberg-apotheke.at\/katalog\/wp-json\/wp\/v2\/product\/37366","targetHints":{"allow":["GET"]}}],"collection":[{"href":"https:\/\/www.hirtenberg-apotheke.at\/katalog\/wp-json\/wp\/v2\/product"}],"about":[{"href":"https:\/\/www.hirtenberg-apotheke.at\/katalog\/wp-json\/wp\/v2\/types\/product"}],"wp:featuredmedia":[{"embeddable":true,"href":"https:\/\/www.hirtenberg-apotheke.at\/katalog\/wp-json\/wp\/v2\/media\/37368"}],"wp:attachment":[{"href":"https:\/\/www.hirtenberg-apotheke.at\/katalog\/wp-json\/wp\/v2\/media?parent=37366"}],"wp:term":[{"taxonomy":"product_brand","embeddable":true,"href":"https:\/\/www.hirtenberg-apotheke.at\/katalog\/wp-json\/wp\/v2\/product_brand?post=37366"},{"taxonomy":"product_cat","embeddable":true,"href":"https:\/\/www.hirtenberg-apotheke.at\/katalog\/wp-json\/wp\/v2\/product_cat?post=37366"},{"taxonomy":"product_tag","embeddable":true,"href":"https:\/\/www.hirtenberg-apotheke.at\/katalog\/wp-json\/wp\/v2\/product_tag?post=37366"}],"curies":[{"name":"wp","href":"https:\/\/api.w.org\/{rel}","templated":true}]}}