{"id":37384,"date":"2025-11-25T23:47:55","date_gmt":"2025-11-25T22:47:55","guid":{"rendered":"https:\/\/www.hirtenberg-apotheke.at\/katalog\/produkt\/sidroga-bio-stilltee-20-stk\/"},"modified":"2025-11-25T23:48:28","modified_gmt":"2025-11-25T22:48:28","slug":"sidroga-bio-stilltee-20-stk","status":"publish","type":"product","link":"https:\/\/www.hirtenberg-apotheke.at\/katalog\/produkt\/sidroga-bio-stilltee-20-stk\/","title":{"rendered":"Sidroga BIO Stilltee 20 Stk."},"content":{"rendered":"<p>Sidroga BIO Stilltee eignet sich besonders gut f\u00fcr stillende M\u00fctter, er ist wohlschmeckend und enth\u00e4lt zudem ausgew\u00e4hlte Kr\u00e4uter mit wohltuender Wirkung. Das Produkt enth\u00e4lt ausschlie\u00dflich biologische Inhaltsstoffe.<\/p>\n","protected":false},"excerpt":{"rendered":"<p>Sidroga BIO Stilltee eignet sich besonders gut f\u00fcr stillende M\u00fctter, er ist wohlschmeckend und enth\u00e4lt zudem ausgew\u00e4hlte Kr\u00e4uter mit wohltuender Wirkung. Das Produkt enth\u00e4lt ausschlie\u00dflich biologische Inhaltsstoffe.<\/p>\n","protected":false},"featured_media":0,"template":"","meta":{"_acf_changed":false},"product_brand":[1030],"product_cat":[303],"product_tag":[],"class_list":{"0":"post-37384","1":"product","2":"type-product","3":"status-publish","5":"product_brand-sidroga","6":"product_cat-s","7":"pa_packungsgroesse-20-beutel","9":"first","10":"instock","11":"shipping-taxable","12":"purchasable","13":"product-type-simple"},"acf":[],"_links":{"self":[{"href":"https:\/\/www.hirtenberg-apotheke.at\/katalog\/wp-json\/wp\/v2\/product\/37384","targetHints":{"allow":["GET"]}}],"collection":[{"href":"https:\/\/www.hirtenberg-apotheke.at\/katalog\/wp-json\/wp\/v2\/product"}],"about":[{"href":"https:\/\/www.hirtenberg-apotheke.at\/katalog\/wp-json\/wp\/v2\/types\/product"}],"wp:attachment":[{"href":"https:\/\/www.hirtenberg-apotheke.at\/katalog\/wp-json\/wp\/v2\/media?parent=37384"}],"wp:term":[{"taxonomy":"product_brand","embeddable":true,"href":"https:\/\/www.hirtenberg-apotheke.at\/katalog\/wp-json\/wp\/v2\/product_brand?post=37384"},{"taxonomy":"product_cat","embeddable":true,"href":"https:\/\/www.hirtenberg-apotheke.at\/katalog\/wp-json\/wp\/v2\/product_cat?post=37384"},{"taxonomy":"product_tag","embeddable":true,"href":"https:\/\/www.hirtenberg-apotheke.at\/katalog\/wp-json\/wp\/v2\/product_tag?post=37384"}],"curies":[{"name":"wp","href":"https:\/\/api.w.org\/{rel}","templated":true}]}}