{"id":37388,"date":"2025-11-25T23:48:27","date_gmt":"2025-11-25T22:48:27","guid":{"rendered":"https:\/\/www.hirtenberg-apotheke.at\/katalog\/produkt\/sidroga-wellness-7-kraeutertee-20-stk\/"},"modified":"2025-11-25T23:48:35","modified_gmt":"2025-11-25T22:48:35","slug":"sidroga-wellness-7-kraeutertee-20-stk","status":"publish","type":"product","link":"https:\/\/www.hirtenberg-apotheke.at\/katalog\/produkt\/sidroga-wellness-7-kraeutertee-20-stk\/","title":{"rendered":"Sidroga Wellness 7-Kr\u00e4utertee 20 Stk."},"content":{"rendered":"<p>Sidroga\u00ae 7 Kr\u00e4utertee ist eine milde, bek\u00f6mmliche Kr\u00e4uterteemischung ohne Zugabe von Zucker und Aromastoffen, wohlschmeckend auch f\u00fcr Kinder nach dem 12. Monat..<\/p>\n","protected":false},"excerpt":{"rendered":"<p>Sidroga\u00ae 7 Kr\u00e4utertee ist eine milde, bek\u00f6mmliche Kr\u00e4uterteemischung ohne Zugabe von Zucker und Aromastoffen, wohlschmeckend auch f\u00fcr Kinder nach dem 12. Monat..<\/p>\n","protected":false},"featured_media":0,"template":"","meta":{"_acf_changed":false},"product_brand":[1030],"product_cat":[303],"product_tag":[],"class_list":{"0":"post-37388","1":"product","2":"type-product","3":"status-publish","5":"product_brand-sidroga","6":"product_cat-s","7":"pa_packungsgroesse-20-beutel","9":"first","10":"instock","11":"shipping-taxable","12":"purchasable","13":"product-type-simple"},"acf":[],"_links":{"self":[{"href":"https:\/\/www.hirtenberg-apotheke.at\/katalog\/wp-json\/wp\/v2\/product\/37388","targetHints":{"allow":["GET"]}}],"collection":[{"href":"https:\/\/www.hirtenberg-apotheke.at\/katalog\/wp-json\/wp\/v2\/product"}],"about":[{"href":"https:\/\/www.hirtenberg-apotheke.at\/katalog\/wp-json\/wp\/v2\/types\/product"}],"wp:attachment":[{"href":"https:\/\/www.hirtenberg-apotheke.at\/katalog\/wp-json\/wp\/v2\/media?parent=37388"}],"wp:term":[{"taxonomy":"product_brand","embeddable":true,"href":"https:\/\/www.hirtenberg-apotheke.at\/katalog\/wp-json\/wp\/v2\/product_brand?post=37388"},{"taxonomy":"product_cat","embeddable":true,"href":"https:\/\/www.hirtenberg-apotheke.at\/katalog\/wp-json\/wp\/v2\/product_cat?post=37388"},{"taxonomy":"product_tag","embeddable":true,"href":"https:\/\/www.hirtenberg-apotheke.at\/katalog\/wp-json\/wp\/v2\/product_tag?post=37388"}],"curies":[{"name":"wp","href":"https:\/\/api.w.org\/{rel}","templated":true}]}}