{"id":37390,"date":"2025-11-25T23:48:27","date_gmt":"2025-11-25T22:48:27","guid":{"rendered":"https:\/\/www.hirtenberg-apotheke.at\/katalog\/produkt\/sidroga-tee-mistel-20-stk\/"},"modified":"2025-11-25T23:48:38","modified_gmt":"2025-11-25T22:48:38","slug":"sidroga-tee-mistel-20-stk","status":"publish","type":"product","link":"https:\/\/www.hirtenberg-apotheke.at\/katalog\/produkt\/sidroga-tee-mistel-20-stk\/","title":{"rendered":"Sidroga Tee Mistel 20 Stk."},"content":{"rendered":"<p>Sidroga Misteltee ist ein besonders bek\u00f6mmlicher Kr\u00e4utertee aus der Mistelpflanze. Er sorgt f\u00fcr einen milden Teegenuss nach uralter \u00dcberlieferung und findet seinen traditionsgem\u00e4\u00dfen Einsatz in der Steigerung des allgemeinen Wohlbefindens.<\/p>\n","protected":false},"excerpt":{"rendered":"<p>Sidroga Misteltee ist ein besonders bek\u00f6mmlicher Kr\u00e4utertee aus der Mistelpflanze. Er sorgt f\u00fcr einen milden Teegenuss nach uralter \u00dcberlieferung und findet seinen traditionsgem\u00e4\u00dfen Einsatz in der Steigerung des allgemeinen Wohlbefindens.<\/p>\n","protected":false},"featured_media":0,"template":"","meta":{"_acf_changed":false},"product_brand":[1030],"product_cat":[303],"product_tag":[],"class_list":{"0":"post-37390","1":"product","2":"type-product","3":"status-publish","5":"product_brand-sidroga","6":"product_cat-s","7":"pa_packungsgroesse-20-beutel","9":"first","10":"instock","11":"shipping-taxable","12":"purchasable","13":"product-type-simple"},"acf":[],"_links":{"self":[{"href":"https:\/\/www.hirtenberg-apotheke.at\/katalog\/wp-json\/wp\/v2\/product\/37390","targetHints":{"allow":["GET"]}}],"collection":[{"href":"https:\/\/www.hirtenberg-apotheke.at\/katalog\/wp-json\/wp\/v2\/product"}],"about":[{"href":"https:\/\/www.hirtenberg-apotheke.at\/katalog\/wp-json\/wp\/v2\/types\/product"}],"wp:attachment":[{"href":"https:\/\/www.hirtenberg-apotheke.at\/katalog\/wp-json\/wp\/v2\/media?parent=37390"}],"wp:term":[{"taxonomy":"product_brand","embeddable":true,"href":"https:\/\/www.hirtenberg-apotheke.at\/katalog\/wp-json\/wp\/v2\/product_brand?post=37390"},{"taxonomy":"product_cat","embeddable":true,"href":"https:\/\/www.hirtenberg-apotheke.at\/katalog\/wp-json\/wp\/v2\/product_cat?post=37390"},{"taxonomy":"product_tag","embeddable":true,"href":"https:\/\/www.hirtenberg-apotheke.at\/katalog\/wp-json\/wp\/v2\/product_tag?post=37390"}],"curies":[{"name":"wp","href":"https:\/\/api.w.org\/{rel}","templated":true}]}}