{"id":37392,"date":"2025-11-25T23:48:27","date_gmt":"2025-11-25T22:48:27","guid":{"rendered":"https:\/\/www.hirtenberg-apotheke.at\/katalog\/produkt\/sidroga-wellness-tee-ingwer-zitrone-20-stk\/"},"modified":"2025-11-25T23:48:41","modified_gmt":"2025-11-25T22:48:41","slug":"sidroga-wellness-tee-ingwer-zitrone-20-stk","status":"publish","type":"product","link":"https:\/\/www.hirtenberg-apotheke.at\/katalog\/produkt\/sidroga-wellness-tee-ingwer-zitrone-20-stk\/","title":{"rendered":"Sidroga Wellness Tee Ingwer-Zitrone 20 Stk."},"content":{"rendered":"<p>Sidroga\u00ae Wellness Ingwer-Zitronen verspricht ein intensives, exotisches Geschmackserlebnis! Denn Ingwer, bekannt als aromatisch-scharfes Gew\u00fcrz, l\u00e4sst sich durchaus auch gut als Tee genie\u00dfen.<\/p>\n","protected":false},"excerpt":{"rendered":"<p>Sidroga\u00ae Wellness Ingwer-Zitronen verspricht ein intensives, exotisches Geschmackserlebnis! Denn Ingwer, bekannt als aromatisch-scharfes Gew\u00fcrz, l\u00e4sst sich durchaus auch gut als Tee genie\u00dfen.<\/p>\n","protected":false},"featured_media":0,"template":"","meta":{"_acf_changed":false},"product_brand":[1030],"product_cat":[303],"product_tag":[],"class_list":{"0":"post-37392","1":"product","2":"type-product","3":"status-publish","5":"product_brand-sidroga","6":"product_cat-s","7":"pa_packungsgroesse-20-beutel","9":"first","10":"instock","11":"shipping-taxable","12":"purchasable","13":"product-type-simple"},"acf":[],"_links":{"self":[{"href":"https:\/\/www.hirtenberg-apotheke.at\/katalog\/wp-json\/wp\/v2\/product\/37392","targetHints":{"allow":["GET"]}}],"collection":[{"href":"https:\/\/www.hirtenberg-apotheke.at\/katalog\/wp-json\/wp\/v2\/product"}],"about":[{"href":"https:\/\/www.hirtenberg-apotheke.at\/katalog\/wp-json\/wp\/v2\/types\/product"}],"wp:attachment":[{"href":"https:\/\/www.hirtenberg-apotheke.at\/katalog\/wp-json\/wp\/v2\/media?parent=37392"}],"wp:term":[{"taxonomy":"product_brand","embeddable":true,"href":"https:\/\/www.hirtenberg-apotheke.at\/katalog\/wp-json\/wp\/v2\/product_brand?post=37392"},{"taxonomy":"product_cat","embeddable":true,"href":"https:\/\/www.hirtenberg-apotheke.at\/katalog\/wp-json\/wp\/v2\/product_cat?post=37392"},{"taxonomy":"product_tag","embeddable":true,"href":"https:\/\/www.hirtenberg-apotheke.at\/katalog\/wp-json\/wp\/v2\/product_tag?post=37392"}],"curies":[{"name":"wp","href":"https:\/\/api.w.org\/{rel}","templated":true}]}}