{"id":37394,"date":"2025-11-25T23:48:27","date_gmt":"2025-11-25T22:48:27","guid":{"rendered":"https:\/\/www.hirtenberg-apotheke.at\/katalog\/produkt\/sidroga-bio-kinder-gute-nacht-tee-20-stk\/"},"modified":"2025-11-25T23:48:45","modified_gmt":"2025-11-25T22:48:45","slug":"sidroga-bio-kinder-gute-nacht-tee-20-stk","status":"publish","type":"product","link":"https:\/\/www.hirtenberg-apotheke.at\/katalog\/produkt\/sidroga-bio-kinder-gute-nacht-tee-20-stk\/","title":{"rendered":"Sidroga BIO Kinder-Gute-Nacht-Tee 20 Stk."},"content":{"rendered":"<p>Sidroga Bio Kinder-Gute-Nacht-Tee enth\u00e4lt sorgsam ausgew\u00e4hlte und zusammengestellte Kr\u00e4uter wie Melisse, Passionsblume, Lavendel, Anis und Pfefferminzbl\u00e4tter. Der Tee eignet sich bereits f\u00fcr Kinder ab 4 Lebensmonat. Das Produkt enth\u00e4lt ausschlie\u00dflich biologische Inhaltsstoffe<\/p>\n","protected":false},"excerpt":{"rendered":"<p>Sidroga Bio Kinder-Gute-Nacht-Tee enth\u00e4lt sorgsam ausgew\u00e4hlte und zusammengestellte Kr\u00e4uter wie Melisse, Passionsblume, Lavendel, Anis und Pfefferminzbl\u00e4tter. Der Tee eignet sich bereits f\u00fcr Kinder ab 4 Lebensmonat. Das Produkt enth\u00e4lt ausschlie\u00dflich biologische Inhaltsstoffe<\/p>\n","protected":false},"featured_media":0,"template":"","meta":{"_acf_changed":false},"product_brand":[1030],"product_cat":[303],"product_tag":[],"class_list":{"0":"post-37394","1":"product","2":"type-product","3":"status-publish","5":"product_brand-sidroga","6":"product_cat-s","7":"pa_packungsgroesse-20-beutel","9":"first","10":"instock","11":"shipping-taxable","12":"purchasable","13":"product-type-simple"},"acf":[],"_links":{"self":[{"href":"https:\/\/www.hirtenberg-apotheke.at\/katalog\/wp-json\/wp\/v2\/product\/37394","targetHints":{"allow":["GET"]}}],"collection":[{"href":"https:\/\/www.hirtenberg-apotheke.at\/katalog\/wp-json\/wp\/v2\/product"}],"about":[{"href":"https:\/\/www.hirtenberg-apotheke.at\/katalog\/wp-json\/wp\/v2\/types\/product"}],"wp:attachment":[{"href":"https:\/\/www.hirtenberg-apotheke.at\/katalog\/wp-json\/wp\/v2\/media?parent=37394"}],"wp:term":[{"taxonomy":"product_brand","embeddable":true,"href":"https:\/\/www.hirtenberg-apotheke.at\/katalog\/wp-json\/wp\/v2\/product_brand?post=37394"},{"taxonomy":"product_cat","embeddable":true,"href":"https:\/\/www.hirtenberg-apotheke.at\/katalog\/wp-json\/wp\/v2\/product_cat?post=37394"},{"taxonomy":"product_tag","embeddable":true,"href":"https:\/\/www.hirtenberg-apotheke.at\/katalog\/wp-json\/wp\/v2\/product_tag?post=37394"}],"curies":[{"name":"wp","href":"https:\/\/api.w.org\/{rel}","templated":true}]}}