{"id":37400,"date":"2025-11-25T23:48:27","date_gmt":"2025-11-25T22:48:27","guid":{"rendered":"https:\/\/www.hirtenberg-apotheke.at\/katalog\/produkt\/sidroga-tee-express-gute-nacht-eule-beutel-15-stk\/"},"modified":"2025-11-25T23:48:50","modified_gmt":"2025-11-25T22:48:50","slug":"sidroga-tee-express-gute-nacht-eule-beutel-15-stk","status":"publish","type":"product","link":"https:\/\/www.hirtenberg-apotheke.at\/katalog\/produkt\/sidroga-tee-express-gute-nacht-eule-beutel-15-stk\/","title":{"rendered":"Sidroga Tee-Express Gute Nacht Eule Beutel 15 Stk."},"content":{"rendered":"<p>Sidroge Tee-Express ist ein zu 100% pflanzlicher Kr\u00e4uter-Extrakttee f\u00fcr Kinder. Der Tee ist warm oder kalt sofort l\u00f6slich und besonders praktisch f\u00fcr unterwegs \u2013 jetzt stark preisreduziert bestellen.<\/p>\n","protected":false},"excerpt":{"rendered":"<p>Sidroge Tee-Express ist ein zu 100% pflanzlicher Kr\u00e4uter-Extrakttee f\u00fcr Kinder. Der Tee ist warm oder kalt sofort l\u00f6slich und besonders praktisch f\u00fcr unterwegs \u2013 jetzt stark preisreduziert bestellen.<\/p>\n","protected":false},"featured_media":0,"template":"","meta":{"_acf_changed":false},"product_brand":[1030],"product_cat":[303],"product_tag":[],"class_list":{"0":"post-37400","1":"product","2":"type-product","3":"status-publish","5":"product_brand-sidroga","6":"product_cat-s","7":"pa_packungsgroesse-15-beutel","9":"first","10":"instock","11":"shipping-taxable","12":"purchasable","13":"product-type-simple"},"acf":[],"_links":{"self":[{"href":"https:\/\/www.hirtenberg-apotheke.at\/katalog\/wp-json\/wp\/v2\/product\/37400","targetHints":{"allow":["GET"]}}],"collection":[{"href":"https:\/\/www.hirtenberg-apotheke.at\/katalog\/wp-json\/wp\/v2\/product"}],"about":[{"href":"https:\/\/www.hirtenberg-apotheke.at\/katalog\/wp-json\/wp\/v2\/types\/product"}],"wp:attachment":[{"href":"https:\/\/www.hirtenberg-apotheke.at\/katalog\/wp-json\/wp\/v2\/media?parent=37400"}],"wp:term":[{"taxonomy":"product_brand","embeddable":true,"href":"https:\/\/www.hirtenberg-apotheke.at\/katalog\/wp-json\/wp\/v2\/product_brand?post=37400"},{"taxonomy":"product_cat","embeddable":true,"href":"https:\/\/www.hirtenberg-apotheke.at\/katalog\/wp-json\/wp\/v2\/product_cat?post=37400"},{"taxonomy":"product_tag","embeddable":true,"href":"https:\/\/www.hirtenberg-apotheke.at\/katalog\/wp-json\/wp\/v2\/product_tag?post=37400"}],"curies":[{"name":"wp","href":"https:\/\/api.w.org\/{rel}","templated":true}]}}