{"id":37406,"date":"2025-11-25T23:48:27","date_gmt":"2025-11-25T22:48:27","guid":{"rendered":"https:\/\/www.hirtenberg-apotheke.at\/katalog\/produkt\/sidroga-wellness-entspannungstee-20-stk\/"},"modified":"2025-11-25T23:49:00","modified_gmt":"2025-11-25T22:49:00","slug":"sidroga-wellness-entspannungstee-20-stk","status":"publish","type":"product","link":"https:\/\/www.hirtenberg-apotheke.at\/katalog\/produkt\/sidroga-wellness-entspannungstee-20-stk\/","title":{"rendered":"Sidroga Wellness Entspannungstee 20 Stk."},"content":{"rendered":"<p>Sidroga\u00ae Wellness Entspannungstee ist eine Komposition aus Orangenbl\u00fcten, Melissenbl\u00e4ttern, Verveine und Rosenbl\u00fcten verfeinert mit Brombeerbl\u00e4ttern, Lavendelbl\u00fcten und Hopfenzapfen. Er sorgt f\u00fcr entspannte Momente.<\/p>\n","protected":false},"excerpt":{"rendered":"<p>Sidroga\u00ae Wellness Entspannungstee ist eine Komposition aus Orangenbl\u00fcten, Melissenbl\u00e4ttern, Verveine und Rosenbl\u00fcten verfeinert mit Brombeerbl\u00e4ttern, Lavendelbl\u00fcten und Hopfenzapfen. Er sorgt f\u00fcr entspannte Momente.<\/p>\n","protected":false},"featured_media":37408,"template":"","meta":{"_acf_changed":false},"product_brand":[1030],"product_cat":[303],"product_tag":[],"class_list":{"0":"post-37406","1":"product","2":"type-product","3":"status-publish","4":"has-post-thumbnail","6":"product_brand-sidroga","7":"product_cat-s","8":"pa_packungsgroesse-20-beutel","10":"first","11":"instock","12":"shipping-taxable","13":"purchasable","14":"product-type-simple"},"acf":[],"_links":{"self":[{"href":"https:\/\/www.hirtenberg-apotheke.at\/katalog\/wp-json\/wp\/v2\/product\/37406","targetHints":{"allow":["GET"]}}],"collection":[{"href":"https:\/\/www.hirtenberg-apotheke.at\/katalog\/wp-json\/wp\/v2\/product"}],"about":[{"href":"https:\/\/www.hirtenberg-apotheke.at\/katalog\/wp-json\/wp\/v2\/types\/product"}],"wp:featuredmedia":[{"embeddable":true,"href":"https:\/\/www.hirtenberg-apotheke.at\/katalog\/wp-json\/wp\/v2\/media\/37408"}],"wp:attachment":[{"href":"https:\/\/www.hirtenberg-apotheke.at\/katalog\/wp-json\/wp\/v2\/media?parent=37406"}],"wp:term":[{"taxonomy":"product_brand","embeddable":true,"href":"https:\/\/www.hirtenberg-apotheke.at\/katalog\/wp-json\/wp\/v2\/product_brand?post=37406"},{"taxonomy":"product_cat","embeddable":true,"href":"https:\/\/www.hirtenberg-apotheke.at\/katalog\/wp-json\/wp\/v2\/product_cat?post=37406"},{"taxonomy":"product_tag","embeddable":true,"href":"https:\/\/www.hirtenberg-apotheke.at\/katalog\/wp-json\/wp\/v2\/product_tag?post=37406"}],"curies":[{"name":"wp","href":"https:\/\/api.w.org\/{rel}","templated":true}]}}