{"id":37490,"date":"2025-11-25T23:50:38","date_gmt":"2025-11-25T22:50:38","guid":{"rendered":"https:\/\/www.hirtenberg-apotheke.at\/katalog\/produkt\/sonnentor-hildegard-tee-salbei-18-btl-bio\/"},"modified":"2025-11-25T23:50:52","modified_gmt":"2025-11-25T22:50:52","slug":"sonnentor-hildegard-tee-salbei-18-btl-bio","status":"publish","type":"product","link":"https:\/\/www.hirtenberg-apotheke.at\/katalog\/produkt\/sonnentor-hildegard-tee-salbei-18-btl-bio\/","title":{"rendered":"Sonnentor Hildegard Tee Salbei 18 Btl. BIO"},"content":{"rendered":"<p>Alles begann 1988 mit einer Idee von Johannes Gutmann. Der Rest ist Geschichte. Inzwischen z\u00e4hlt Sonnentor zu den erfolgreichsten \u00f6sterreichischen Unternehmen &#8211; obwohl, oder gerade weil die Uhren hier anders gehen. &#8222;Wir von Sonnentor glauben, dass Wertsch\u00e4tzung und Respekt noch keinem geschadet hat. Daran halten wir uns, im Umgang mit unserer Umwelt und unseren Mitarbeitern, Bauern, Lieferanten, Kunden, schlicht: unseren Mitmenschen. Das beginnt beim \u00f6kologischen Anbau und endet bei der Gemeinwohl-\u00d6konomie. Falls es \u00fcberhaupt irgendwo endet.&#8220;.<\/p>\n","protected":false},"excerpt":{"rendered":"<p>Alles begann 1988 mit einer Idee von Johannes Gutmann. Der Rest ist Geschichte. Inzwischen z\u00e4hlt Sonnentor zu den erfolgreichsten \u00f6sterreichischen Unternehmen &#8211; obwohl, oder gerade weil die Uhren hier anders gehen. &#8222;Wir von Sonnentor glauben, dass Wertsch\u00e4tzung und Respekt noch keinem geschadet hat. Daran halten wir uns, im Umgang mit unserer Umwelt und unseren Mitarbeitern, [&hellip;]<\/p>\n","protected":false},"featured_media":37492,"template":"","meta":{"_acf_changed":false},"product_brand":[917],"product_cat":[303],"product_tag":[],"class_list":{"0":"post-37490","1":"product","2":"type-product","3":"status-publish","4":"has-post-thumbnail","6":"product_brand-sonnentor","7":"product_cat-s","8":"pa_packungsgroesse-18-beutel","10":"first","11":"instock","12":"shipping-taxable","13":"purchasable","14":"product-type-simple"},"acf":[],"_links":{"self":[{"href":"https:\/\/www.hirtenberg-apotheke.at\/katalog\/wp-json\/wp\/v2\/product\/37490","targetHints":{"allow":["GET"]}}],"collection":[{"href":"https:\/\/www.hirtenberg-apotheke.at\/katalog\/wp-json\/wp\/v2\/product"}],"about":[{"href":"https:\/\/www.hirtenberg-apotheke.at\/katalog\/wp-json\/wp\/v2\/types\/product"}],"wp:featuredmedia":[{"embeddable":true,"href":"https:\/\/www.hirtenberg-apotheke.at\/katalog\/wp-json\/wp\/v2\/media\/37492"}],"wp:attachment":[{"href":"https:\/\/www.hirtenberg-apotheke.at\/katalog\/wp-json\/wp\/v2\/media?parent=37490"}],"wp:term":[{"taxonomy":"product_brand","embeddable":true,"href":"https:\/\/www.hirtenberg-apotheke.at\/katalog\/wp-json\/wp\/v2\/product_brand?post=37490"},{"taxonomy":"product_cat","embeddable":true,"href":"https:\/\/www.hirtenberg-apotheke.at\/katalog\/wp-json\/wp\/v2\/product_cat?post=37490"},{"taxonomy":"product_tag","embeddable":true,"href":"https:\/\/www.hirtenberg-apotheke.at\/katalog\/wp-json\/wp\/v2\/product_tag?post=37490"}],"curies":[{"name":"wp","href":"https:\/\/api.w.org\/{rel}","templated":true}]}}