{"id":37510,"date":"2025-11-25T23:50:38","date_gmt":"2025-11-25T22:50:38","guid":{"rendered":"https:\/\/www.hirtenberg-apotheke.at\/katalog\/produkt\/sonnentor-assam-english-tea-schwarztee-18-btl-bio\/"},"modified":"2025-11-25T23:51:10","modified_gmt":"2025-11-25T22:51:10","slug":"sonnentor-assam-english-tea-schwarztee-18-btl-bio","status":"publish","type":"product","link":"https:\/\/www.hirtenberg-apotheke.at\/katalog\/produkt\/sonnentor-assam-english-tea-schwarztee-18-btl-bio\/","title":{"rendered":"Sonnentor Assam English Tea Schwarztee 18 Btl. BIO"},"content":{"rendered":"<p>Der Sonnentor Assam English Tea Schwarztee in Beutelform (18 Stk.) schmeckt kr\u00e4ftig-malzig und ist sehr ergiebig. Der Geschmack des Assam Tees setzt sich auch bei h\u00e4rteren Wasserqualit\u00e4ten gut durch und bietet auch die Basis f\u00fcr die traditionelle English Breakfast Tea Mischung.<\/p>\n","protected":false},"excerpt":{"rendered":"<p>Der Sonnentor Assam English Tea Schwarztee in Beutelform (18 Stk.) schmeckt kr\u00e4ftig-malzig und ist sehr ergiebig. Der Geschmack des Assam Tees setzt sich auch bei h\u00e4rteren Wasserqualit\u00e4ten gut durch und bietet auch die Basis f\u00fcr die traditionelle English Breakfast Tea Mischung.<\/p>\n","protected":false},"featured_media":37512,"template":"","meta":{"_acf_changed":false},"product_brand":[917],"product_cat":[303],"product_tag":[],"class_list":{"0":"post-37510","1":"product","2":"type-product","3":"status-publish","4":"has-post-thumbnail","6":"product_brand-sonnentor","7":"product_cat-s","8":"pa_packungsgroesse-18-beutel","10":"first","11":"instock","12":"shipping-taxable","13":"purchasable","14":"product-type-simple"},"acf":[],"_links":{"self":[{"href":"https:\/\/www.hirtenberg-apotheke.at\/katalog\/wp-json\/wp\/v2\/product\/37510","targetHints":{"allow":["GET"]}}],"collection":[{"href":"https:\/\/www.hirtenberg-apotheke.at\/katalog\/wp-json\/wp\/v2\/product"}],"about":[{"href":"https:\/\/www.hirtenberg-apotheke.at\/katalog\/wp-json\/wp\/v2\/types\/product"}],"wp:featuredmedia":[{"embeddable":true,"href":"https:\/\/www.hirtenberg-apotheke.at\/katalog\/wp-json\/wp\/v2\/media\/37512"}],"wp:attachment":[{"href":"https:\/\/www.hirtenberg-apotheke.at\/katalog\/wp-json\/wp\/v2\/media?parent=37510"}],"wp:term":[{"taxonomy":"product_brand","embeddable":true,"href":"https:\/\/www.hirtenberg-apotheke.at\/katalog\/wp-json\/wp\/v2\/product_brand?post=37510"},{"taxonomy":"product_cat","embeddable":true,"href":"https:\/\/www.hirtenberg-apotheke.at\/katalog\/wp-json\/wp\/v2\/product_cat?post=37510"},{"taxonomy":"product_tag","embeddable":true,"href":"https:\/\/www.hirtenberg-apotheke.at\/katalog\/wp-json\/wp\/v2\/product_tag?post=37510"}],"curies":[{"name":"wp","href":"https:\/\/api.w.org\/{rel}","templated":true}]}}