{"id":37525,"date":"2025-11-25T23:50:38","date_gmt":"2025-11-25T22:50:38","guid":{"rendered":"https:\/\/www.hirtenberg-apotheke.at\/katalog\/produkt\/dr-kottas-tee-hanf-toni-20-stk\/"},"modified":"2025-11-25T23:51:30","modified_gmt":"2025-11-25T22:51:30","slug":"dr-kottas-tee-hanf-toni-20-stk","status":"publish","type":"product","link":"https:\/\/www.hirtenberg-apotheke.at\/katalog\/produkt\/dr-kottas-tee-hanf-toni-20-stk\/","title":{"rendered":"Dr. Kottas Tee Hanf Toni 20 Stk."},"content":{"rendered":"<p>Dr. Kottas Hanf Toni besteht ausschlie\u00dflich aus natur-belassenen, schonend luftgetrockneten Hanfbl\u00fcten von h\u00f6chster Bio-Qualit\u00e4t. Neben Cannabidiol (CBD) enthalten die Hanfbl\u00fcten viele wertvolle Pflanzenstoffe, wie Flavonoide und \u00e4therische \u00d6le. Der Tee ist coffeinfrei, hat einen w\u00fcrzigen, kr\u00e4ftigen, aromatischen Geschmack und leistet einen wesentlichen Beitrag zu Ihrem allgemeinen Wohlbefinden &#8211; jetzt online g\u00fcnstig bestellen mit der Sicherheit einer Apotheke!<\/p>\n","protected":false},"excerpt":{"rendered":"<p>Dr. Kottas Hanf Toni besteht ausschlie\u00dflich aus natur-belassenen, schonend luftgetrockneten Hanfbl\u00fcten von h\u00f6chster Bio-Qualit\u00e4t. Neben Cannabidiol (CBD) enthalten die Hanfbl\u00fcten viele wertvolle Pflanzenstoffe, wie Flavonoide und \u00e4therische \u00d6le. Der Tee ist coffeinfrei, hat einen w\u00fcrzigen, kr\u00e4ftigen, aromatischen Geschmack und leistet einen wesentlichen Beitrag zu Ihrem allgemeinen Wohlbefinden &#8211; jetzt online g\u00fcnstig bestellen mit der Sicherheit [&hellip;]<\/p>\n","protected":false},"featured_media":37527,"template":"","meta":{"_acf_changed":false},"product_brand":[853],"product_cat":[295],"product_tag":[],"class_list":{"0":"post-37525","1":"product","2":"type-product","3":"status-publish","4":"has-post-thumbnail","6":"product_brand-dr-kottas","7":"product_cat-d","8":"pa_packungsgroesse-20-beutel","10":"first","11":"instock","12":"shipping-taxable","13":"purchasable","14":"product-type-simple"},"acf":[],"_links":{"self":[{"href":"https:\/\/www.hirtenberg-apotheke.at\/katalog\/wp-json\/wp\/v2\/product\/37525","targetHints":{"allow":["GET"]}}],"collection":[{"href":"https:\/\/www.hirtenberg-apotheke.at\/katalog\/wp-json\/wp\/v2\/product"}],"about":[{"href":"https:\/\/www.hirtenberg-apotheke.at\/katalog\/wp-json\/wp\/v2\/types\/product"}],"wp:featuredmedia":[{"embeddable":true,"href":"https:\/\/www.hirtenberg-apotheke.at\/katalog\/wp-json\/wp\/v2\/media\/37527"}],"wp:attachment":[{"href":"https:\/\/www.hirtenberg-apotheke.at\/katalog\/wp-json\/wp\/v2\/media?parent=37525"}],"wp:term":[{"taxonomy":"product_brand","embeddable":true,"href":"https:\/\/www.hirtenberg-apotheke.at\/katalog\/wp-json\/wp\/v2\/product_brand?post=37525"},{"taxonomy":"product_cat","embeddable":true,"href":"https:\/\/www.hirtenberg-apotheke.at\/katalog\/wp-json\/wp\/v2\/product_cat?post=37525"},{"taxonomy":"product_tag","embeddable":true,"href":"https:\/\/www.hirtenberg-apotheke.at\/katalog\/wp-json\/wp\/v2\/product_tag?post=37525"}],"curies":[{"name":"wp","href":"https:\/\/api.w.org\/{rel}","templated":true}]}}