{"id":37549,"date":"2025-11-25T23:51:43","date_gmt":"2025-11-25T22:51:43","guid":{"rendered":"https:\/\/www.hirtenberg-apotheke.at\/katalog\/produkt\/sangenor-trinkampullen-20-stk\/"},"modified":"2025-11-25T23:51:49","modified_gmt":"2025-11-25T22:51:49","slug":"sangenor-trinkampullen-20-stk","status":"publish","type":"product","link":"https:\/\/www.hirtenberg-apotheke.at\/katalog\/produkt\/sangenor-trinkampullen-20-stk\/","title":{"rendered":"Sangenor Trinkampullen 20 Stk."},"content":{"rendered":"<p>Sangenor hilft Ihnen, Ihre Leistungsf\u00e4higkeit, Ihre Regeneration und Ihr Wohlbefinden zu steigern \u2013 mit den nat\u00fcrlichen Aminos\u00e4uren L-Arginin und L-Asparagins\u00e4ure.<\/p>\n","protected":false},"excerpt":{"rendered":"<p>Sangenor hilft Ihnen, Ihre Leistungsf\u00e4higkeit, Ihre Regeneration und Ihr Wohlbefinden zu steigern \u2013 mit den nat\u00fcrlichen Aminos\u00e4uren L-Arginin und L-Asparagins\u00e4ure.<\/p>\n","protected":false},"featured_media":37551,"template":"","meta":{"_acf_changed":false},"product_brand":[],"product_cat":[303],"product_tag":[],"class_list":{"0":"post-37549","1":"product","2":"type-product","3":"status-publish","4":"has-post-thumbnail","6":"product_cat-s","7":"pa_packungsgroesse-20-stueck","9":"first","10":"instock","11":"shipping-taxable","12":"purchasable","13":"product-type-simple"},"acf":[],"_links":{"self":[{"href":"https:\/\/www.hirtenberg-apotheke.at\/katalog\/wp-json\/wp\/v2\/product\/37549","targetHints":{"allow":["GET"]}}],"collection":[{"href":"https:\/\/www.hirtenberg-apotheke.at\/katalog\/wp-json\/wp\/v2\/product"}],"about":[{"href":"https:\/\/www.hirtenberg-apotheke.at\/katalog\/wp-json\/wp\/v2\/types\/product"}],"wp:featuredmedia":[{"embeddable":true,"href":"https:\/\/www.hirtenberg-apotheke.at\/katalog\/wp-json\/wp\/v2\/media\/37551"}],"wp:attachment":[{"href":"https:\/\/www.hirtenberg-apotheke.at\/katalog\/wp-json\/wp\/v2\/media?parent=37549"}],"wp:term":[{"taxonomy":"product_brand","embeddable":true,"href":"https:\/\/www.hirtenberg-apotheke.at\/katalog\/wp-json\/wp\/v2\/product_brand?post=37549"},{"taxonomy":"product_cat","embeddable":true,"href":"https:\/\/www.hirtenberg-apotheke.at\/katalog\/wp-json\/wp\/v2\/product_cat?post=37549"},{"taxonomy":"product_tag","embeddable":true,"href":"https:\/\/www.hirtenberg-apotheke.at\/katalog\/wp-json\/wp\/v2\/product_tag?post=37549"}],"curies":[{"name":"wp","href":"https:\/\/api.w.org\/{rel}","templated":true}]}}